{"id":1066,"date":"2025-07-09T07:44:29","date_gmt":"2025-07-09T07:44:29","guid":{"rendered":"https:\/\/villasrivero.com\/?page_id=1066"},"modified":"2025-07-10T15:19:37","modified_gmt":"2025-07-10T15:19:37","slug":"solicitud-completada","status":"publish","type":"page","link":"https:\/\/villasrivero.com\/en\/solicitud-completada\/","title":{"rendered":"Solicitud completada"},"content":{"rendered":"<div data-elementor-type=\"wp-page\" data-elementor-id=\"1066\" class=\"elementor elementor-1066\" data-elementor-post-type=\"page\">\n\t\t\t\t<div class=\"elementor-element elementor-element-181da12 e-flex e-con-boxed e-con e-parent\" data-id=\"181da12\" data-element_type=\"container\" data-e-type=\"container\" data-settings=\"{&quot;background_background&quot;:&quot;gradient&quot;}\">\n\t\t\t\t\t<div class=\"e-con-inner\">\n\t\t\t\t<div class=\"elementor-element elementor-element-bcd5d2d elementor-widget elementor-widget-image\" data-id=\"bcd5d2d\" data-element_type=\"widget\" data-e-type=\"widget\" data-widget_type=\"image.default\">\n\t\t\t\t<div class=\"elementor-widget-container\">\n\t\t\t\t\t\t\t\t\t\t\t\t\t\t\t<img decoding=\"async\" width=\"223\" height=\"55\" src=\"https:\/\/villasrivero.com\/wp-content\/uploads\/2025\/05\/logotipo-e1746551612162.png\" class=\"attachment-large size-large wp-image-446\" alt=\"\" \/>\t\t\t\t\t\t\t\t\t\t\t\t\t\t\t<\/div>\n\t\t\t\t<\/div>\n\t\t\t\t<div class=\"elementor-element elementor-element-14a3d11 elementor-widget elementor-widget-heading\" data-id=\"14a3d11\" data-element_type=\"widget\" data-e-type=\"widget\" data-widget_type=\"heading.default\">\n\t\t\t\t<div class=\"elementor-widget-container\">\n\t\t\t\t\t<h2 class=\"elementor-heading-title elementor-size-default\">Much\u00edsimas gracias por <u><b>tu tiempo<\/b><\/u><\/h2>\t\t\t\t<\/div>\n\t\t\t\t<\/div>\n\t\t\t\t<div class=\"elementor-element elementor-element-998c5ab elementor-widget elementor-widget-video\" data-id=\"998c5ab\" data-element_type=\"widget\" data-e-type=\"widget\" data-settings=\"{&quot;youtube_url&quot;:&quot;https:\\\/\\\/youtu.be\\\/rwJzTx0NdDE&quot;,&quot;video_type&quot;:&quot;youtube&quot;,&quot;controls&quot;:&quot;yes&quot;}\" data-widget_type=\"video.default\">\n\t\t\t\t<div class=\"elementor-widget-container\">\n\t\t\t\t\t\t\t<div class=\"elementor-wrapper elementor-open-inline\">\n\t\t\t<div class=\"elementor-video\"><\/div>\t\t<\/div>\n\t\t\t\t\t\t<\/div>\n\t\t\t\t<\/div>\n\t\t\t\t<div class=\"elementor-element elementor-element-ff8b74b elementor-widget__width-initial elementor-widget elementor-widget-heading\" data-id=\"ff8b74b\" data-element_type=\"widget\" data-e-type=\"widget\" data-widget_type=\"heading.default\">\n\t\t\t\t<div class=\"elementor-widget-container\">\n\t\t\t\t\t<h2 class=\"elementor-heading-title elementor-size-default\">Despu\u00e9s de ver este v\u00eddeo, te recomendamos agendar una llamada totalmente gratuita para entender tu caso, tus necesidades y si podemos realmente ayudarte.<\/h2>\t\t\t\t<\/div>\n\t\t\t\t<\/div>\n\t\t\t\t<div class=\"elementor-element elementor-element-8b8b7dd elementor-align-center elementor-widget elementor-widget-button\" data-id=\"8b8b7dd\" data-element_type=\"widget\" data-e-type=\"widget\" data-widget_type=\"button.default\">\n\t\t\t\t<div class=\"elementor-widget-container\">\n\t\t\t\t\t\t\t\t\t<div class=\"elementor-button-wrapper\">\n\t\t\t\t\t<a class=\"elementor-button elementor-button-link elementor-size-sm\" href=\"https:\/\/calendly.com\/villasriverohector\/30min\">\n\t\t\t\t\t\t<span class=\"elementor-button-content-wrapper\">\n\t\t\t\t\t\t\t\t\t<span class=\"elementor-button-text\">Agenda llamada aqu\u00ed<\/span>\n\t\t\t\t\t<\/span>\n\t\t\t\t\t<\/a>\n\t\t\t\t<\/div>\n\t\t\t\t\t\t\t\t<\/div>\n\t\t\t\t<\/div>\n\t\t\t\t\t<\/div>\n\t\t\t\t<\/div>\n\t\t\t\t<\/div>","protected":false},"excerpt":{"rendered":"<p>Much\u00edsimas gracias por tu tiempo Despu\u00e9s de ver este v\u00eddeo, te recomendamos agendar una llamada totalmente gratuita para entender tu caso, tus necesidades y si podemos realmente ayudarte. Agenda llamada aqu\u00ed<\/p>","protected":false},"author":1,"featured_media":0,"parent":0,"menu_order":0,"comment_status":"closed","ping_status":"closed","template":"elementor_canvas","meta":{"_acf_changed":false,"footnotes":""},"class_list":["post-1066","page","type-page","status-publish","hentry"],"acf":[],"yoast_head":"<!-- This site is optimized with the Yoast SEO plugin v27.3 - https:\/\/yoast.com\/product\/yoast-seo-wordpress\/ -->\n<title>Solicitud completada - Villas Rivero<\/title>\n<meta name=\"robots\" content=\"index, follow, max-snippet:-1, max-image-preview:large, max-video-preview:-1\" \/>\n<link rel=\"canonical\" href=\"https:\/\/villasrivero.com\/en\/solicitud-completada\/\" \/>\n<meta property=\"og:locale\" content=\"en_GB\" \/>\n<meta property=\"og:type\" content=\"article\" \/>\n<meta property=\"og:title\" content=\"Solicitud completada - Villas Rivero\" \/>\n<meta property=\"og:description\" content=\"Much\u00edsimas gracias por tu tiempo Despu\u00e9s de ver este v\u00eddeo, te recomendamos agendar una llamada totalmente gratuita para entender tu caso, tus necesidades y si podemos realmente ayudarte. Agenda llamada aqu\u00ed\" \/>\n<meta property=\"og:url\" content=\"https:\/\/villasrivero.com\/en\/solicitud-completada\/\" \/>\n<meta property=\"og:site_name\" content=\"Villas Rivero\" \/>\n<meta property=\"article:modified_time\" content=\"2025-07-10T15:19:37+00:00\" \/>\n<meta property=\"og:image\" content=\"https:\/\/villasrivero.com\/wp-content\/uploads\/2025\/05\/logotipo-e1746551612162.png\" \/>\n\t<meta property=\"og:image:width\" content=\"223\" \/>\n\t<meta property=\"og:image:height\" content=\"55\" \/>\n\t<meta property=\"og:image:type\" content=\"image\/png\" \/>\n<meta name=\"twitter:card\" content=\"summary_large_image\" \/>\n<meta name=\"twitter:label1\" content=\"Estimated reading time\" \/>\n\t<meta name=\"twitter:data1\" content=\"1 minute\" \/>\n<script type=\"application\/ld+json\" class=\"yoast-schema-graph\">{\"@context\":\"https:\\\/\\\/schema.org\",\"@graph\":[{\"@type\":\"WebPage\",\"@id\":\"https:\\\/\\\/villasrivero.com\\\/solicitud-completada\\\/\",\"url\":\"https:\\\/\\\/villasrivero.com\\\/solicitud-completada\\\/\",\"name\":\"Solicitud completada - Villas Rivero\",\"isPartOf\":{\"@id\":\"https:\\\/\\\/villasrivero.com\\\/#website\"},\"primaryImageOfPage\":{\"@id\":\"https:\\\/\\\/villasrivero.com\\\/solicitud-completada\\\/#primaryimage\"},\"image\":{\"@id\":\"https:\\\/\\\/villasrivero.com\\\/solicitud-completada\\\/#primaryimage\"},\"thumbnailUrl\":\"https:\\\/\\\/villasrivero.com\\\/wp-content\\\/uploads\\\/2025\\\/05\\\/logotipo-e1746551612162.png\",\"datePublished\":\"2025-07-09T07:44:29+00:00\",\"dateModified\":\"2025-07-10T15:19:37+00:00\",\"breadcrumb\":{\"@id\":\"https:\\\/\\\/villasrivero.com\\\/solicitud-completada\\\/#breadcrumb\"},\"inLanguage\":\"en-GB\",\"potentialAction\":[{\"@type\":\"ReadAction\",\"target\":[\"https:\\\/\\\/villasrivero.com\\\/solicitud-completada\\\/\"]}]},{\"@type\":\"ImageObject\",\"inLanguage\":\"en-GB\",\"@id\":\"https:\\\/\\\/villasrivero.com\\\/solicitud-completada\\\/#primaryimage\",\"url\":\"https:\\\/\\\/villasrivero.com\\\/wp-content\\\/uploads\\\/2025\\\/05\\\/logotipo-e1746551612162.png\",\"contentUrl\":\"https:\\\/\\\/villasrivero.com\\\/wp-content\\\/uploads\\\/2025\\\/05\\\/logotipo-e1746551612162.png\"},{\"@type\":\"BreadcrumbList\",\"@id\":\"https:\\\/\\\/villasrivero.com\\\/solicitud-completada\\\/#breadcrumb\",\"itemListElement\":[{\"@type\":\"ListItem\",\"position\":1,\"name\":\"Portada\",\"item\":\"https:\\\/\\\/villasrivero.com\\\/\"},{\"@type\":\"ListItem\",\"position\":2,\"name\":\"Solicitud completada\"}]},{\"@type\":\"WebSite\",\"@id\":\"https:\\\/\\\/villasrivero.com\\\/#website\",\"url\":\"https:\\\/\\\/villasrivero.com\\\/\",\"name\":\"Villas Rivero\",\"description\":\"\",\"potentialAction\":[{\"@type\":\"SearchAction\",\"target\":{\"@type\":\"EntryPoint\",\"urlTemplate\":\"https:\\\/\\\/villasrivero.com\\\/?s={search_term_string}\"},\"query-input\":{\"@type\":\"PropertyValueSpecification\",\"valueRequired\":true,\"valueName\":\"search_term_string\"}}],\"inLanguage\":\"en-GB\"}]}<\/script>\n<!-- \/ Yoast SEO plugin. -->","yoast_head_json":{"title":"Solicitud completada - Villas Rivero","robots":{"index":"index","follow":"follow","max-snippet":"max-snippet:-1","max-image-preview":"max-image-preview:large","max-video-preview":"max-video-preview:-1"},"canonical":"https:\/\/villasrivero.com\/en\/solicitud-completada\/","og_locale":"en_GB","og_type":"article","og_title":"Solicitud completada - Villas Rivero","og_description":"Much\u00edsimas gracias por tu tiempo Despu\u00e9s de ver este v\u00eddeo, te recomendamos agendar una llamada totalmente gratuita para entender tu caso, tus necesidades y si podemos realmente ayudarte. Agenda llamada aqu\u00ed","og_url":"https:\/\/villasrivero.com\/en\/solicitud-completada\/","og_site_name":"Villas Rivero","article_modified_time":"2025-07-10T15:19:37+00:00","og_image":[{"width":223,"height":55,"url":"https:\/\/villasrivero.com\/wp-content\/uploads\/2025\/05\/logotipo-e1746551612162.png","type":"image\/png"}],"twitter_card":"summary_large_image","twitter_misc":{"Estimated reading time":"1 minute"},"schema":{"@context":"https:\/\/schema.org","@graph":[{"@type":"WebPage","@id":"https:\/\/villasrivero.com\/solicitud-completada\/","url":"https:\/\/villasrivero.com\/solicitud-completada\/","name":"Solicitud completada - Villas Rivero","isPartOf":{"@id":"https:\/\/villasrivero.com\/#website"},"primaryImageOfPage":{"@id":"https:\/\/villasrivero.com\/solicitud-completada\/#primaryimage"},"image":{"@id":"https:\/\/villasrivero.com\/solicitud-completada\/#primaryimage"},"thumbnailUrl":"https:\/\/villasrivero.com\/wp-content\/uploads\/2025\/05\/logotipo-e1746551612162.png","datePublished":"2025-07-09T07:44:29+00:00","dateModified":"2025-07-10T15:19:37+00:00","breadcrumb":{"@id":"https:\/\/villasrivero.com\/solicitud-completada\/#breadcrumb"},"inLanguage":"en-GB","potentialAction":[{"@type":"ReadAction","target":["https:\/\/villasrivero.com\/solicitud-completada\/"]}]},{"@type":"ImageObject","inLanguage":"en-GB","@id":"https:\/\/villasrivero.com\/solicitud-completada\/#primaryimage","url":"https:\/\/villasrivero.com\/wp-content\/uploads\/2025\/05\/logotipo-e1746551612162.png","contentUrl":"https:\/\/villasrivero.com\/wp-content\/uploads\/2025\/05\/logotipo-e1746551612162.png"},{"@type":"BreadcrumbList","@id":"https:\/\/villasrivero.com\/solicitud-completada\/#breadcrumb","itemListElement":[{"@type":"ListItem","position":1,"name":"Portada","item":"https:\/\/villasrivero.com\/"},{"@type":"ListItem","position":2,"name":"Solicitud completada"}]},{"@type":"WebSite","@id":"https:\/\/villasrivero.com\/#website","url":"https:\/\/villasrivero.com\/","name":"Villas Rivero","description":"","potentialAction":[{"@type":"SearchAction","target":{"@type":"EntryPoint","urlTemplate":"https:\/\/villasrivero.com\/?s={search_term_string}"},"query-input":{"@type":"PropertyValueSpecification","valueRequired":true,"valueName":"search_term_string"}}],"inLanguage":"en-GB"}]}},"_links":{"self":[{"href":"https:\/\/villasrivero.com\/en\/wp-json\/wp\/v2\/pages\/1066","targetHints":{"allow":["GET"]}}],"collection":[{"href":"https:\/\/villasrivero.com\/en\/wp-json\/wp\/v2\/pages"}],"about":[{"href":"https:\/\/villasrivero.com\/en\/wp-json\/wp\/v2\/types\/page"}],"author":[{"embeddable":true,"href":"https:\/\/villasrivero.com\/en\/wp-json\/wp\/v2\/users\/1"}],"replies":[{"embeddable":true,"href":"https:\/\/villasrivero.com\/en\/wp-json\/wp\/v2\/comments?post=1066"}],"version-history":[{"count":25,"href":"https:\/\/villasrivero.com\/en\/wp-json\/wp\/v2\/pages\/1066\/revisions"}],"predecessor-version":[{"id":1101,"href":"https:\/\/villasrivero.com\/en\/wp-json\/wp\/v2\/pages\/1066\/revisions\/1101"}],"wp:attachment":[{"href":"https:\/\/villasrivero.com\/en\/wp-json\/wp\/v2\/media?parent=1066"}],"curies":[{"name":"wp","href":"https:\/\/api.w.org\/{rel}","templated":true}]}}