{"id":1111,"date":"2025-07-15T15:09:34","date_gmt":"2025-07-15T15:09:34","guid":{"rendered":"https:\/\/villasrivero.com\/?page_id=1111"},"modified":"2025-07-15T15:15:20","modified_gmt":"2025-07-15T15:15:20","slug":"solicitud-completada-propietarios","status":"publish","type":"page","link":"https:\/\/villasrivero.com\/en\/solicitud-completada-propietarios\/","title":{"rendered":"Solicitud completada propietarios"},"content":{"rendered":"<div data-elementor-type=\"wp-page\" data-elementor-id=\"1111\" class=\"elementor elementor-1111\" data-elementor-post-type=\"page\">\n\t\t\t\t<div class=\"elementor-element elementor-element-370a963c e-flex e-con-boxed e-con e-parent\" data-id=\"370a963c\" data-element_type=\"container\" data-e-type=\"container\" data-settings=\"{&quot;background_background&quot;:&quot;gradient&quot;}\">\n\t\t\t\t\t<div class=\"e-con-inner\">\n\t\t\t\t<div class=\"elementor-element elementor-element-56e27c30 elementor-widget elementor-widget-image\" data-id=\"56e27c30\" data-element_type=\"widget\" data-e-type=\"widget\" data-widget_type=\"image.default\">\n\t\t\t\t<div class=\"elementor-widget-container\">\n\t\t\t\t\t\t\t\t\t\t\t\t\t\t\t<img decoding=\"async\" width=\"223\" height=\"55\" src=\"https:\/\/villasrivero.com\/wp-content\/uploads\/2025\/05\/logotipo-e1746551612162.png\" class=\"attachment-large size-large wp-image-446\" alt=\"\" \/>\t\t\t\t\t\t\t\t\t\t\t\t\t\t\t<\/div>\n\t\t\t\t<\/div>\n\t\t\t\t<div class=\"elementor-element elementor-element-5ce20d22 elementor-widget elementor-widget-heading\" data-id=\"5ce20d22\" data-element_type=\"widget\" data-e-type=\"widget\" data-widget_type=\"heading.default\">\n\t\t\t\t<div class=\"elementor-widget-container\">\n\t\t\t\t\t<h2 class=\"elementor-heading-title elementor-size-default\">Much\u00edsimas gracias por <u><b>tu tiempo<\/b><\/u><\/h2>\t\t\t\t<\/div>\n\t\t\t\t<\/div>\n\t\t\t\t<div class=\"elementor-element elementor-element-333ad065 elementor-widget__width-initial elementor-widget elementor-widget-heading\" data-id=\"333ad065\" data-element_type=\"widget\" data-e-type=\"widget\" data-widget_type=\"heading.default\">\n\t\t\t\t<div class=\"elementor-widget-container\">\n\t\t\t\t\t<h2 class=\"elementor-heading-title elementor-size-default\">Mil gracias por la informaci\u00f3n. <br>\n<br>\nEn 48-72 horas nos pondremos en contacto contigo. Ser\u00e1 un verdadero placer. <br>\n<br>\nSi lo prefieres, puedes contactarnos directamente por whatsapp.<\/h2>\t\t\t\t<\/div>\n\t\t\t\t<\/div>\n\t\t\t\t<div class=\"elementor-element elementor-element-66c30f3c elementor-align-center elementor-widget elementor-widget-button\" data-id=\"66c30f3c\" data-element_type=\"widget\" data-e-type=\"widget\" data-widget_type=\"button.default\">\n\t\t\t\t<div class=\"elementor-widget-container\">\n\t\t\t\t\t\t\t\t\t<div class=\"elementor-button-wrapper\">\n\t\t\t\t\t<a class=\"elementor-button elementor-button-link elementor-size-sm\" href=\"https:\/\/api.whatsapp.com\/send?phone=34699365956\">\n\t\t\t\t\t\t<span class=\"elementor-button-content-wrapper\">\n\t\t\t\t\t\t\t\t\t<span class=\"elementor-button-text\">Env\u00edame un WhatsApp<\/span>\n\t\t\t\t\t<\/span>\n\t\t\t\t\t<\/a>\n\t\t\t\t<\/div>\n\t\t\t\t\t\t\t\t<\/div>\n\t\t\t\t<\/div>\n\t\t\t\t\t<\/div>\n\t\t\t\t<\/div>\n\t\t\t\t<\/div>","protected":false},"excerpt":{"rendered":"<p>Much\u00edsimas gracias por tu tiempo Mil gracias por la informaci\u00f3n. En 48-72 horas nos pondremos en contacto contigo. Ser\u00e1 un verdadero placer. Si lo prefieres, puedes contactarnos directamente por whatsapp. Env\u00edame un WhatsApp<\/p>","protected":false},"author":1,"featured_media":0,"parent":0,"menu_order":0,"comment_status":"closed","ping_status":"closed","template":"elementor_canvas","meta":{"_acf_changed":false,"footnotes":""},"class_list":["post-1111","page","type-page","status-publish","hentry"],"acf":[],"yoast_head":"<!-- This site is optimized with the Yoast SEO plugin v27.3 - https:\/\/yoast.com\/product\/yoast-seo-wordpress\/ -->\n<title>Solicitud completada propietarios - Villas Rivero<\/title>\n<meta name=\"robots\" content=\"index, follow, max-snippet:-1, max-image-preview:large, max-video-preview:-1\" \/>\n<link rel=\"canonical\" href=\"https:\/\/villasrivero.com\/en\/solicitud-completada-propietarios\/\" \/>\n<meta property=\"og:locale\" content=\"en_GB\" \/>\n<meta property=\"og:type\" content=\"article\" \/>\n<meta property=\"og:title\" content=\"Solicitud completada propietarios - Villas Rivero\" \/>\n<meta property=\"og:description\" content=\"Much\u00edsimas gracias por tu tiempo Mil gracias por la informaci\u00f3n. En 48-72 horas nos pondremos en contacto contigo. Ser\u00e1 un verdadero placer. Si lo prefieres, puedes contactarnos directamente por whatsapp. Env\u00edame un WhatsApp\" \/>\n<meta property=\"og:url\" content=\"https:\/\/villasrivero.com\/en\/solicitud-completada-propietarios\/\" \/>\n<meta property=\"og:site_name\" content=\"Villas Rivero\" \/>\n<meta property=\"article:modified_time\" content=\"2025-07-15T15:15:20+00:00\" \/>\n<meta property=\"og:image\" content=\"https:\/\/villasrivero.com\/wp-content\/uploads\/2025\/05\/logotipo-e1746551612162.png\" \/>\n\t<meta property=\"og:image:width\" content=\"223\" \/>\n\t<meta property=\"og:image:height\" content=\"55\" \/>\n\t<meta property=\"og:image:type\" content=\"image\/png\" \/>\n<meta name=\"twitter:card\" content=\"summary_large_image\" \/>\n<meta name=\"twitter:label1\" content=\"Estimated reading time\" \/>\n\t<meta name=\"twitter:data1\" content=\"1 minute\" \/>\n<script type=\"application\/ld+json\" class=\"yoast-schema-graph\">{\"@context\":\"https:\\\/\\\/schema.org\",\"@graph\":[{\"@type\":\"WebPage\",\"@id\":\"https:\\\/\\\/villasrivero.com\\\/solicitud-completada-propietarios\\\/\",\"url\":\"https:\\\/\\\/villasrivero.com\\\/solicitud-completada-propietarios\\\/\",\"name\":\"Solicitud completada propietarios - Villas Rivero\",\"isPartOf\":{\"@id\":\"https:\\\/\\\/villasrivero.com\\\/#website\"},\"primaryImageOfPage\":{\"@id\":\"https:\\\/\\\/villasrivero.com\\\/solicitud-completada-propietarios\\\/#primaryimage\"},\"image\":{\"@id\":\"https:\\\/\\\/villasrivero.com\\\/solicitud-completada-propietarios\\\/#primaryimage\"},\"thumbnailUrl\":\"https:\\\/\\\/villasrivero.com\\\/wp-content\\\/uploads\\\/2025\\\/05\\\/logotipo-e1746551612162.png\",\"datePublished\":\"2025-07-15T15:09:34+00:00\",\"dateModified\":\"2025-07-15T15:15:20+00:00\",\"breadcrumb\":{\"@id\":\"https:\\\/\\\/villasrivero.com\\\/solicitud-completada-propietarios\\\/#breadcrumb\"},\"inLanguage\":\"en-GB\",\"potentialAction\":[{\"@type\":\"ReadAction\",\"target\":[\"https:\\\/\\\/villasrivero.com\\\/solicitud-completada-propietarios\\\/\"]}]},{\"@type\":\"ImageObject\",\"inLanguage\":\"en-GB\",\"@id\":\"https:\\\/\\\/villasrivero.com\\\/solicitud-completada-propietarios\\\/#primaryimage\",\"url\":\"https:\\\/\\\/villasrivero.com\\\/wp-content\\\/uploads\\\/2025\\\/05\\\/logotipo-e1746551612162.png\",\"contentUrl\":\"https:\\\/\\\/villasrivero.com\\\/wp-content\\\/uploads\\\/2025\\\/05\\\/logotipo-e1746551612162.png\"},{\"@type\":\"BreadcrumbList\",\"@id\":\"https:\\\/\\\/villasrivero.com\\\/solicitud-completada-propietarios\\\/#breadcrumb\",\"itemListElement\":[{\"@type\":\"ListItem\",\"position\":1,\"name\":\"Portada\",\"item\":\"https:\\\/\\\/villasrivero.com\\\/\"},{\"@type\":\"ListItem\",\"position\":2,\"name\":\"Solicitud completada propietarios\"}]},{\"@type\":\"WebSite\",\"@id\":\"https:\\\/\\\/villasrivero.com\\\/#website\",\"url\":\"https:\\\/\\\/villasrivero.com\\\/\",\"name\":\"Villas Rivero\",\"description\":\"\",\"potentialAction\":[{\"@type\":\"SearchAction\",\"target\":{\"@type\":\"EntryPoint\",\"urlTemplate\":\"https:\\\/\\\/villasrivero.com\\\/?s={search_term_string}\"},\"query-input\":{\"@type\":\"PropertyValueSpecification\",\"valueRequired\":true,\"valueName\":\"search_term_string\"}}],\"inLanguage\":\"en-GB\"}]}<\/script>\n<!-- \/ Yoast SEO plugin. -->","yoast_head_json":{"title":"Solicitud completada propietarios - Villas Rivero","robots":{"index":"index","follow":"follow","max-snippet":"max-snippet:-1","max-image-preview":"max-image-preview:large","max-video-preview":"max-video-preview:-1"},"canonical":"https:\/\/villasrivero.com\/en\/solicitud-completada-propietarios\/","og_locale":"en_GB","og_type":"article","og_title":"Solicitud completada propietarios - Villas Rivero","og_description":"Much\u00edsimas gracias por tu tiempo Mil gracias por la informaci\u00f3n. En 48-72 horas nos pondremos en contacto contigo. Ser\u00e1 un verdadero placer. Si lo prefieres, puedes contactarnos directamente por whatsapp. Env\u00edame un WhatsApp","og_url":"https:\/\/villasrivero.com\/en\/solicitud-completada-propietarios\/","og_site_name":"Villas Rivero","article_modified_time":"2025-07-15T15:15:20+00:00","og_image":[{"width":223,"height":55,"url":"https:\/\/villasrivero.com\/wp-content\/uploads\/2025\/05\/logotipo-e1746551612162.png","type":"image\/png"}],"twitter_card":"summary_large_image","twitter_misc":{"Estimated reading time":"1 minute"},"schema":{"@context":"https:\/\/schema.org","@graph":[{"@type":"WebPage","@id":"https:\/\/villasrivero.com\/solicitud-completada-propietarios\/","url":"https:\/\/villasrivero.com\/solicitud-completada-propietarios\/","name":"Solicitud completada propietarios - Villas Rivero","isPartOf":{"@id":"https:\/\/villasrivero.com\/#website"},"primaryImageOfPage":{"@id":"https:\/\/villasrivero.com\/solicitud-completada-propietarios\/#primaryimage"},"image":{"@id":"https:\/\/villasrivero.com\/solicitud-completada-propietarios\/#primaryimage"},"thumbnailUrl":"https:\/\/villasrivero.com\/wp-content\/uploads\/2025\/05\/logotipo-e1746551612162.png","datePublished":"2025-07-15T15:09:34+00:00","dateModified":"2025-07-15T15:15:20+00:00","breadcrumb":{"@id":"https:\/\/villasrivero.com\/solicitud-completada-propietarios\/#breadcrumb"},"inLanguage":"en-GB","potentialAction":[{"@type":"ReadAction","target":["https:\/\/villasrivero.com\/solicitud-completada-propietarios\/"]}]},{"@type":"ImageObject","inLanguage":"en-GB","@id":"https:\/\/villasrivero.com\/solicitud-completada-propietarios\/#primaryimage","url":"https:\/\/villasrivero.com\/wp-content\/uploads\/2025\/05\/logotipo-e1746551612162.png","contentUrl":"https:\/\/villasrivero.com\/wp-content\/uploads\/2025\/05\/logotipo-e1746551612162.png"},{"@type":"BreadcrumbList","@id":"https:\/\/villasrivero.com\/solicitud-completada-propietarios\/#breadcrumb","itemListElement":[{"@type":"ListItem","position":1,"name":"Portada","item":"https:\/\/villasrivero.com\/"},{"@type":"ListItem","position":2,"name":"Solicitud completada propietarios"}]},{"@type":"WebSite","@id":"https:\/\/villasrivero.com\/#website","url":"https:\/\/villasrivero.com\/","name":"Villas Rivero","description":"","potentialAction":[{"@type":"SearchAction","target":{"@type":"EntryPoint","urlTemplate":"https:\/\/villasrivero.com\/?s={search_term_string}"},"query-input":{"@type":"PropertyValueSpecification","valueRequired":true,"valueName":"search_term_string"}}],"inLanguage":"en-GB"}]}},"_links":{"self":[{"href":"https:\/\/villasrivero.com\/en\/wp-json\/wp\/v2\/pages\/1111","targetHints":{"allow":["GET"]}}],"collection":[{"href":"https:\/\/villasrivero.com\/en\/wp-json\/wp\/v2\/pages"}],"about":[{"href":"https:\/\/villasrivero.com\/en\/wp-json\/wp\/v2\/types\/page"}],"author":[{"embeddable":true,"href":"https:\/\/villasrivero.com\/en\/wp-json\/wp\/v2\/users\/1"}],"replies":[{"embeddable":true,"href":"https:\/\/villasrivero.com\/en\/wp-json\/wp\/v2\/comments?post=1111"}],"version-history":[{"count":7,"href":"https:\/\/villasrivero.com\/en\/wp-json\/wp\/v2\/pages\/1111\/revisions"}],"predecessor-version":[{"id":1119,"href":"https:\/\/villasrivero.com\/en\/wp-json\/wp\/v2\/pages\/1111\/revisions\/1119"}],"wp:attachment":[{"href":"https:\/\/villasrivero.com\/en\/wp-json\/wp\/v2\/media?parent=1111"}],"curies":[{"name":"wp","href":"https:\/\/api.w.org\/{rel}","templated":true}]}}