{"id":12,"date":"2024-12-27T10:01:16","date_gmt":"2024-12-27T10:01:16","guid":{"rendered":"https:\/\/villasrivero.com\/?page_id=60"},"modified":"2025-07-16T08:23:31","modified_gmt":"2025-07-16T08:23:31","slug":"politica-de-privacidad","status":"publish","type":"page","link":"https:\/\/villasrivero.com\/en\/politica-de-privacidad\/","title":{"rendered":"Pol\u00edtica de privacidad"},"content":{"rendered":"<h4>POL\u00cdTICA DE PRIVACIDAD DE https:\/\/villasrivero.com Datos del propietario de la web:<\/h4>\n<table>\n<tbody>\n<tr>\n<td width=\"174\"><strong>RAZ\u00d3N SOCIAL<\/strong><\/td>\n<td width=\"407\">REALIU REAL ESTATE, S.L.U<\/td>\n<\/tr>\n<tr>\n<td width=\"174\"><strong>NIF<\/strong><\/td>\n<td width=\"407\">B16395576<\/td>\n<\/tr>\n<tr>\n<td width=\"174\"><strong>DOMINIO<\/strong><\/td>\n<td width=\"407\">https:\/\/villasrivero.com<\/td>\n<\/tr>\n<tr>\n<td width=\"174\"><strong>DIRECCI\u00d3N POSTAL<\/strong><\/td>\n<td width=\"407\">CALLE ALFRED NOBEL, 15,35013 PALMAS DE GRAN CANARIA, LAS(PALMAS, LAS)<\/td>\n<\/tr>\n<tr>\n<td width=\"174\"><strong>DIRECCI\u00d3N ELECTR\u00d3NICA<\/strong><\/td>\n<td width=\"407\"><a href=\"mailto:hector.socorro@villasrivero.com\">hector.socorro@villasrivero.com<\/a><\/td>\n<\/tr>\n<tr>\n<td width=\"174\"><strong>TEL\u00c9FONOS<\/strong><\/td>\n<td width=\"407\">699365956<\/td>\n<\/tr>\n<tr>\n<td width=\"174\"><strong>N\u00ba REGISTRO\/ DATOS ADICIONALES<\/strong><\/td>\n<td width=\"407\">&nbsp;<\/td>\n<\/tr>\n<\/tbody>\n<\/table>\n<p><strong>\u00a0<\/strong><\/p>\n<p><strong>Protecci\u00f3n de datos<\/strong><\/p>\n<p>De conformidad con la normativa vigente y aplicable en protecci\u00f3n de datos de car\u00e1cter personal, le informamos que sus datos ser\u00e1n incorporados al sistema de tratamiento titularidad de REALIU REAL ESTATE, S.L.U con NIF B16395576 y domicilio social sito en CALLE ALFRED NOBEL, 15,35013 PALMAS DE GRAN CANARIA, LAS(PALMAS, LAS). A continuaci\u00f3n, se facilita la informaci\u00f3n de los tratamientos realizados:<\/p>\n<table>\n<tbody>\n<tr>\n<td colspan=\"2\" width=\"582\"><strong>TRTAMIENTOS REALIZADOS<\/strong><\/td>\n<\/tr>\n<tr>\n<td width=\"105\">&nbsp;<\/p>\n<p>&nbsp;<\/p>\n<p>&nbsp;<\/p>\n<p>&nbsp;<\/p>\n<p>&nbsp;<\/p>\n<p>Gesti\u00f3n de las reservas online<\/td>\n<td width=\"476\"><strong>Finalidad: <\/strong>Registro y gesti\u00f3n de las reservas online.<\/p>\n<p><strong>Plazo de conservaci\u00f3n: <\/strong>durante el plazo estrictamente necesario para cumplir con la finalidad anteriormente mencionada.<\/p>\n<p><strong>Base leg\u00edtima: <\/strong>El consentimiento del interesado.<\/p>\n<p><strong>Tipolog\u00eda de Datos:<\/strong><\/p>\n<p><strong>Datos b\u00e1sicos: <\/strong>Nombre y apellidos, NIF, Direcci\u00f3n postal, Direcci\u00f3n electr\u00f3nica, Datos econ\u00f3micos o de seguros<\/p>\n<p><strong>Cesiones: <\/strong>sus datos ser\u00e1n comunicados en caso de ser necesario a Agencia Tributaria, Bancos y Cajas, Fuerzas y Cuerpos de Seguridad y autoridades competentes con la finalidad de cumplir con las obligaciones administrativas y de seguridad establecidas en la normativa aplicable. Adem\u00e1s, se informa que la base legitimadora de la cesi\u00f3n es el cumplimiento de una ley.<\/td>\n<\/tr>\n<tr>\n<td width=\"105\">&nbsp;<\/p>\n<p>&nbsp;<\/p>\n<p>Acciones comerciales formulario web<\/td>\n<td width=\"476\"><strong>Finalidad: <\/strong>Captaci\u00f3n, registro y tratamiento de datos con finalidades de atender sus consultas y\/o solicitudes, as\u00ed como de publicidad y prospecci\u00f3n comercial.<\/p>\n<p><strong>Plazo de conservaci\u00f3n: <\/strong>mientras se mantenga el consentimiento prestado, salvo obligaci\u00f3n legal.<\/p>\n<p><strong>Base leg\u00edtima: <\/strong>El consentimiento del interesado.<\/p>\n<p><strong>Tipolog\u00eda de Datos:<\/strong><\/p>\n<p><strong>Datos b\u00e1sicos: <\/strong>Nombre y apellidos, Direcci\u00f3n electr\u00f3nica<\/td>\n<\/tr>\n<tr>\n<td width=\"105\">&nbsp;<\/p>\n<p>&nbsp;<\/p>\n<p>Gesti\u00f3n usuarios web<\/td>\n<td width=\"476\"><strong>Finalidad: <\/strong>Captaci\u00f3n, registro y tratamiento de datos del usuario.<\/p>\n<p><strong>Plazo de conservaci\u00f3n: <\/strong>mientras se mantenga el consentimiento prestado, salvo obligaci\u00f3n legal.<\/p>\n<p><strong>Base leg\u00edtima: <\/strong>El consentimiento del interesado.<\/p>\n<p><strong>Tipolog\u00eda de Datos:<\/strong><\/p>\n<p><strong>Datos b\u00e1sicos: <\/strong>Nombre y apellidos, Direcci\u00f3n electr\u00f3nica<\/td>\n<\/tr>\n<\/tbody>\n<\/table>\n<p>&nbsp;<\/p>\n<table>\n<tbody>\n<tr>\n<td width=\"105\">&nbsp;<\/p>\n<p>&nbsp;<\/p>\n<p>Newsletter<\/td>\n<td width=\"476\"><strong>Finalidad: <\/strong>Gesti\u00f3n de la suscripci\u00f3n a la newsletter, para realizar los env\u00edos correspondientes.<\/p>\n<p><strong>Plazo de conservaci\u00f3n: <\/strong>mientras se mantenga el consentimiento prestado.<\/p>\n<p><strong>Base leg\u00edtima: <\/strong>El consentimiento del interesado.<\/p>\n<p><strong>Tipolog\u00eda de Datos:<\/strong><\/p>\n<p><strong>Datos b\u00e1sicos: <\/strong>Nombre y apellidos, Direcci\u00f3n electr\u00f3nica<\/td>\n<\/tr>\n<tr>\n<td width=\"105\">&nbsp;<\/p>\n<p>Instalaci\u00f3n de cookies<\/td>\n<td width=\"476\"><strong>Finalidad: <\/strong>Gesti\u00f3n e instalaci\u00f3n de las cookies.<\/p>\n<p><strong>Plazo de conservaci\u00f3n: <\/strong>mientras se mantenga el consentimiento prestado.<\/p>\n<p><strong>Base leg\u00edtima: <\/strong>El consentimiento del interesado.<\/p>\n<p><strong>Tipolog\u00eda de Datos:<\/strong><\/p>\n<p><strong>Datos b\u00e1sicos: <\/strong>Direcci\u00f3n electr\u00f3nica, Direcci\u00f3n IP<\/td>\n<\/tr>\n<tr>\n<td width=\"105\">&nbsp;<\/p>\n<p>Gesti\u00f3n Formulario web<\/td>\n<td width=\"476\"><strong>Finalidad: <\/strong>Atender sus consultas y\/o solicitudes.<\/p>\n<p><strong>Plazo de conservaci\u00f3n: <\/strong>mientras se mantenga el consentimiento prestado.<\/p>\n<p><strong>Base leg\u00edtima: <\/strong>El consentimiento del interesado.<\/p>\n<p><strong>Tipolog\u00eda de Datos:<\/strong><\/p>\n<p><strong>Datos b\u00e1sicos: <\/strong>Nombre y apellidos, Direcci\u00f3n electr\u00f3nica, Direcci\u00f3n IP<\/td>\n<\/tr>\n<tr>\n<td width=\"105\">&nbsp;<\/td>\n<td width=\"476\">&nbsp;<\/td>\n<\/tr>\n<\/tbody>\n<\/table>\n<p>&nbsp;<\/p>\n<h4>Derechos de los interesados<\/h4>\n<p>REALIU REAL ESTATE, S.L.U informa a los Usuarios que, podr\u00e1 ejercer los derechos de acceso, rectificaci\u00f3n, limitaci\u00f3n, supresi\u00f3n, portabilidad, oposici\u00f3n al tratamiento de sus datos de car\u00e1cter personal y el derecho a no ser objeto de decisiones automatizadas, incluida la elaboraci\u00f3n de perfiles, ante el Responsable del Tratamiento, as\u00ed como a la retirada del consentimiento prestado.<\/p>\n<p><strong>Derecho de Acceso: <\/strong>Es el derecho del usuario a obtener confirmaci\u00f3n sobre si se est\u00e1n tratando sus datos y, en tal caso, los concretos datos personales tratados y la informaci\u00f3n legal del tratamiento (finalidades, base legitimadora, plazos de conservaci\u00f3n, cesiones, origen de los datos, etc.).<\/p>\n<p><strong>Derecho de Rectificaci\u00f3n: <\/strong>Es el derecho del afectado a que se modifiquen los datos que resulten ser inexactos o incompletos. En relaci\u00f3n a la p\u00e1gina web, s\u00f3lo podr\u00e1 satisfacerse en relaci\u00f3n a aquella informaci\u00f3n que se encuentre bajo el control del sitio web, por ejemplo, eliminar comentarios publicados en la propia p\u00e1gina, im\u00e1genes o contenidos web donde consten datos de car\u00e1cter personal del usuario.<\/p>\n<p><strong>Derecho a la Limitaci\u00f3n de tratamiento: <\/strong>Es el derecho a que se limiten los fines del tratamiento previstos de forma original por el responsable del tratamiento en determinados supuestos.<\/p>\n<p><strong>Derecho de Supresi\u00f3n: <\/strong>Es el derecho a suprimir los datos de car\u00e1cter personal del usuario, a excepci\u00f3n de lo previsto en el propio RGPD (libertad de expresi\u00f3n e informaci\u00f3n, obligaciones de conservaci\u00f3n, formulaci\u00f3n, ejercicio o defensa de reclamaciones, etc.).<\/p>\n<p><strong>Derecho a la Portabilidad: <\/strong>El derecho a recibir los datos personales que el usuario haya facilitado, en un formato estructurado, de uso com\u00fan y lectura mec\u00e1nica, y a transmitirlos a otro responsable cuando el tratamiento est\u00e1 basado en el consentimiento o en la ejecuci\u00f3n de un contrato y se efect\u00fae por medios automatizados.<\/p>\n<p><strong>Derecho de Oposici\u00f3n: <\/strong>Es el derecho del usuario a que no se lleve a cabo el tratamiento de sus datos de car\u00e1cter personal o se cese el tratamiento de los mismos por parte del sitio web cuando el tratamiento est\u00e9 basado en el inter\u00e9s leg\u00edtimo o el inter\u00e9s p\u00fablico o cuando se trate de tratamientos de mercadotecnia directa.<\/p>\n<p><strong>Derecho a no ser objeto de decisiones automatizadas, incluida la elaboraci\u00f3n de perfiles: <\/strong>Cuando el tratamiento no es necesario para la celebraci\u00f3n o ejecuci\u00f3n de un contrato, ni est\u00e1 autorizada por el Derecho de la Uni\u00f3n Europea o de los Estados miembros ni se basa en el consentimiento, tiene derecho a no ser objeto de una decisi\u00f3n basada \u00fanicamente en el tratamiento automatizado, incluida la elaboraci\u00f3n de perfiles, que produzca efectos jur\u00eddicos o le afecte significativamente de modo similar.<\/p>\n<p><strong>Derecho a retirar el consentimiento: <\/strong>Para cualquier tratamiento basado en su consentimiento, tiene derecho a retirarlo, en cualquier momento y de manera gratuita.<\/p>\n<p>Para ejercer cualquiera de los derechos en materia de protecci\u00f3n de datos descritos anteriormente deber\u00e1 seguir las siguientes indicaciones:<\/p>\n<p>Presentaci\u00f3n de un escrito a la direcci\u00f3n CALLE ALFRED NOBEL, 15,35013 PALMAS DE GRAN CANARIA, LAS(PALMAS, LAS) (a la atenci\u00f3n de REALIU REAL ESTATE, S.L.U) o bien a trav\u00e9s de correo electr\u00f3nico a por correo electr\u00f3nico a <a href=\"mailto:hector.socorro@villasrivero.com\">hector.socorro@villasrivero.com<\/a> .<\/p>\n<p>El escrito remitido por el titular de los datos personales (interesado\/a) que solicite el ejercicio de derechos deber\u00e1 tener en cuenta lo siguiente:<\/p>\n<ul>\n<li>Deber\u00e1 identificarse fehacientemente y, en el caso de que concurran dudas sobre la identidad del solicitante, se le solicitar\u00e1 que subsane la petici\u00f3n (p. ej. solicitando m\u00e1s informaci\u00f3n, como el n\u00famero de DNI, el documento del DNI, el correo electr\u00f3nico que aport\u00f3, etc.)<\/li>\n<li>La solicitud puede realizarla el representante, legal o voluntario, cuando \u00e9ste est\u00e9 debidamente identificado y autorizado por el titular de los datos (mediante una autorizaci\u00f3n expresa del titular para ejercer los derechos personal\u00edsimos regulados en la normativa en materia de protecci\u00f3n de datos personales).<\/li>\n<li>Petici\u00f3n en que se concreta la solicitud (Derecho\/s que se pretende\/n ejercer). Si no hace referencia a un tratamiento concreto se le facilitar\u00e1 respuesta en relaci\u00f3n a todos los tratamientos que afectan a sus datos de car\u00e1cter personal. Si solicita informaci\u00f3n de un tratamiento en concreto, s\u00f3lo la informaci\u00f3n de \u00e9ste. Si lo solicita por tel\u00e9fono se le indicar\u00e1 que lo haga por escrito y se le informar\u00e1 de c\u00f3mo lo puede hacer y la direcci\u00f3n a la que tiene que enviarlo. Nunca se le dar\u00e1 informaci\u00f3n por tel\u00e9fono.<\/li>\n<li>Direcci\u00f3n postal o electr\u00f3nica a efectos de<\/li>\n<li>Documentos acreditativos de la petici\u00f3n que formula, en caso de que sean<\/li>\n<li>La persona solicitante debe utilizar cualquier medio que permita acreditar el env\u00edo y la recepci\u00f3n de la solicitud.<\/li>\n<\/ul>\n<p>Por \u00faltimo, le informamos que tiene derecho a presentar una reclamaci\u00f3n ante la Agencia Espa\u00f1ola de Protecci\u00f3n de Datos en caso de que tenga conocimiento o considere que un hecho pueda suponer un incumplimiento de la normativa aplicable en materia de protecci\u00f3n de datos.<\/p>\n<p>REALIU REAL ESTATE, S.L.U se compromete a adoptar las medidas t\u00e9cnicas y organizativas necesarias, acorde al nivel de riesgos que acompa\u00f1an los tratamientos realizados por \u00e9stas e indicados en este mismo apartado, de forma que garanticen su integridad, confidencialidad y disponibilidad.<\/p>\n<p><strong>\u00daltima actualizaci\u00f3n: <\/strong>19 de julio de 2024<\/p>","protected":false},"excerpt":{"rendered":"<p>POL\u00cdTICA DE PRIVACIDAD DE https:\/\/villasrivero.com Datos del propietario de la web: RAZ\u00d3N SOCIAL REALIU REAL ESTATE, S.L.U NIF B16395576 DOMINIO https:\/\/villasrivero.com DIRECCI\u00d3N POSTAL CALLE ALFRED NOBEL, 15,35013 PALMAS DE GRAN CANARIA, LAS(PALMAS, LAS) DIRECCI\u00d3N ELECTR\u00d3NICA hector.socorro@villasrivero.com TEL\u00c9FONOS 699365956 N\u00ba REGISTRO\/ DATOS ADICIONALES &nbsp; \u00a0 Protecci\u00f3n de datos De conformidad con la normativa vigente y aplicable [&hellip;]<\/p>\n","protected":false},"author":1,"featured_media":0,"parent":0,"menu_order":0,"comment_status":"closed","ping_status":"closed","template":"","meta":{"_acf_changed":false,"footnotes":""},"class_list":["post-12","page","type-page","status-publish","hentry"],"acf":[],"yoast_head":"<!-- This site is optimized with the Yoast SEO plugin v27.3 - https:\/\/yoast.com\/product\/yoast-seo-wordpress\/ -->\n<title>Pol\u00edtica de privacidad - Villas Rivero<\/title>\n<meta name=\"robots\" content=\"index, follow, max-snippet:-1, max-image-preview:large, max-video-preview:-1\" \/>\n<link rel=\"canonical\" href=\"https:\/\/villasrivero.com\/en\/politica-de-privacidad\/\" \/>\n<meta property=\"og:locale\" content=\"en_GB\" \/>\n<meta property=\"og:type\" content=\"article\" \/>\n<meta property=\"og:title\" content=\"Pol\u00edtica de privacidad - Villas Rivero\" \/>\n<meta property=\"og:description\" content=\"POL\u00cdTICA DE PRIVACIDAD DE https:\/\/villasrivero.com Datos del propietario de la web: RAZ\u00d3N SOCIAL REALIU REAL ESTATE, S.L.U NIF B16395576 DOMINIO https:\/\/villasrivero.com DIRECCI\u00d3N POSTAL CALLE ALFRED NOBEL, 15,35013 PALMAS DE GRAN CANARIA, LAS(PALMAS, LAS) DIRECCI\u00d3N ELECTR\u00d3NICA hector.socorro@villasrivero.com TEL\u00c9FONOS 699365956 N\u00ba REGISTRO\/ DATOS ADICIONALES &nbsp; \u00a0 Protecci\u00f3n de datos De conformidad con la normativa vigente y aplicable [&hellip;]\" \/>\n<meta property=\"og:url\" content=\"https:\/\/villasrivero.com\/en\/politica-de-privacidad\/\" \/>\n<meta property=\"og:site_name\" content=\"Villas Rivero\" \/>\n<meta property=\"article:modified_time\" content=\"2025-07-16T08:23:31+00:00\" \/>\n<meta name=\"twitter:card\" content=\"summary_large_image\" \/>\n<meta name=\"twitter:label1\" content=\"Estimated reading time\" \/>\n\t<meta name=\"twitter:data1\" content=\"6 minutes\" \/>\n<script type=\"application\/ld+json\" class=\"yoast-schema-graph\">{\"@context\":\"https:\\\/\\\/schema.org\",\"@graph\":[{\"@type\":\"WebPage\",\"@id\":\"https:\\\/\\\/villasrivero.com\\\/politica-de-privacidad\\\/\",\"url\":\"https:\\\/\\\/villasrivero.com\\\/politica-de-privacidad\\\/\",\"name\":\"Pol\u00edtica de privacidad - Villas Rivero\",\"isPartOf\":{\"@id\":\"https:\\\/\\\/villasrivero.com\\\/#website\"},\"datePublished\":\"2024-12-27T10:01:16+00:00\",\"dateModified\":\"2025-07-16T08:23:31+00:00\",\"breadcrumb\":{\"@id\":\"https:\\\/\\\/villasrivero.com\\\/politica-de-privacidad\\\/#breadcrumb\"},\"inLanguage\":\"en-GB\",\"potentialAction\":[{\"@type\":\"ReadAction\",\"target\":[\"https:\\\/\\\/villasrivero.com\\\/politica-de-privacidad\\\/\"]}]},{\"@type\":\"BreadcrumbList\",\"@id\":\"https:\\\/\\\/villasrivero.com\\\/politica-de-privacidad\\\/#breadcrumb\",\"itemListElement\":[{\"@type\":\"ListItem\",\"position\":1,\"name\":\"Portada\",\"item\":\"https:\\\/\\\/villasrivero.com\\\/\"},{\"@type\":\"ListItem\",\"position\":2,\"name\":\"Pol\u00edtica de privacidad\"}]},{\"@type\":\"WebSite\",\"@id\":\"https:\\\/\\\/villasrivero.com\\\/#website\",\"url\":\"https:\\\/\\\/villasrivero.com\\\/\",\"name\":\"Villas Rivero\",\"description\":\"\",\"potentialAction\":[{\"@type\":\"SearchAction\",\"target\":{\"@type\":\"EntryPoint\",\"urlTemplate\":\"https:\\\/\\\/villasrivero.com\\\/?s={search_term_string}\"},\"query-input\":{\"@type\":\"PropertyValueSpecification\",\"valueRequired\":true,\"valueName\":\"search_term_string\"}}],\"inLanguage\":\"en-GB\"}]}<\/script>\n<!-- \/ Yoast SEO plugin. -->","yoast_head_json":{"title":"Pol\u00edtica de privacidad - Villas Rivero","robots":{"index":"index","follow":"follow","max-snippet":"max-snippet:-1","max-image-preview":"max-image-preview:large","max-video-preview":"max-video-preview:-1"},"canonical":"https:\/\/villasrivero.com\/en\/politica-de-privacidad\/","og_locale":"en_GB","og_type":"article","og_title":"Pol\u00edtica de privacidad - Villas Rivero","og_description":"POL\u00cdTICA DE PRIVACIDAD DE https:\/\/villasrivero.com Datos del propietario de la web: RAZ\u00d3N SOCIAL REALIU REAL ESTATE, S.L.U NIF B16395576 DOMINIO https:\/\/villasrivero.com DIRECCI\u00d3N POSTAL CALLE ALFRED NOBEL, 15,35013 PALMAS DE GRAN CANARIA, LAS(PALMAS, LAS) DIRECCI\u00d3N ELECTR\u00d3NICA hector.socorro@villasrivero.com TEL\u00c9FONOS 699365956 N\u00ba REGISTRO\/ DATOS ADICIONALES &nbsp; \u00a0 Protecci\u00f3n de datos De conformidad con la normativa vigente y aplicable [&hellip;]","og_url":"https:\/\/villasrivero.com\/en\/politica-de-privacidad\/","og_site_name":"Villas Rivero","article_modified_time":"2025-07-16T08:23:31+00:00","twitter_card":"summary_large_image","twitter_misc":{"Estimated reading time":"6 minutes"},"schema":{"@context":"https:\/\/schema.org","@graph":[{"@type":"WebPage","@id":"https:\/\/villasrivero.com\/politica-de-privacidad\/","url":"https:\/\/villasrivero.com\/politica-de-privacidad\/","name":"Pol\u00edtica de privacidad - Villas Rivero","isPartOf":{"@id":"https:\/\/villasrivero.com\/#website"},"datePublished":"2024-12-27T10:01:16+00:00","dateModified":"2025-07-16T08:23:31+00:00","breadcrumb":{"@id":"https:\/\/villasrivero.com\/politica-de-privacidad\/#breadcrumb"},"inLanguage":"en-GB","potentialAction":[{"@type":"ReadAction","target":["https:\/\/villasrivero.com\/politica-de-privacidad\/"]}]},{"@type":"BreadcrumbList","@id":"https:\/\/villasrivero.com\/politica-de-privacidad\/#breadcrumb","itemListElement":[{"@type":"ListItem","position":1,"name":"Portada","item":"https:\/\/villasrivero.com\/"},{"@type":"ListItem","position":2,"name":"Pol\u00edtica de privacidad"}]},{"@type":"WebSite","@id":"https:\/\/villasrivero.com\/#website","url":"https:\/\/villasrivero.com\/","name":"Villas Rivero","description":"","potentialAction":[{"@type":"SearchAction","target":{"@type":"EntryPoint","urlTemplate":"https:\/\/villasrivero.com\/?s={search_term_string}"},"query-input":{"@type":"PropertyValueSpecification","valueRequired":true,"valueName":"search_term_string"}}],"inLanguage":"en-GB"}]}},"_links":{"self":[{"href":"https:\/\/villasrivero.com\/en\/wp-json\/wp\/v2\/pages\/12","targetHints":{"allow":["GET"]}}],"collection":[{"href":"https:\/\/villasrivero.com\/en\/wp-json\/wp\/v2\/pages"}],"about":[{"href":"https:\/\/villasrivero.com\/en\/wp-json\/wp\/v2\/types\/page"}],"author":[{"embeddable":true,"href":"https:\/\/villasrivero.com\/en\/wp-json\/wp\/v2\/users\/1"}],"replies":[{"embeddable":true,"href":"https:\/\/villasrivero.com\/en\/wp-json\/wp\/v2\/comments?post=12"}],"version-history":[{"count":9,"href":"https:\/\/villasrivero.com\/en\/wp-json\/wp\/v2\/pages\/12\/revisions"}],"predecessor-version":[{"id":1138,"href":"https:\/\/villasrivero.com\/en\/wp-json\/wp\/v2\/pages\/12\/revisions\/1138"}],"wp:attachment":[{"href":"https:\/\/villasrivero.com\/en\/wp-json\/wp\/v2\/media?parent=12"}],"curies":[{"name":"wp","href":"https:\/\/api.w.org\/{rel}","templated":true}]}}