{"id":1305,"date":"2026-03-04T09:26:35","date_gmt":"2026-03-04T09:26:35","guid":{"rendered":"https:\/\/villasrivero.com\/?page_id=1305"},"modified":"2026-03-04T09:50:17","modified_gmt":"2026-03-04T09:50:17","slug":"blog","status":"publish","type":"page","link":"https:\/\/villasrivero.com\/en\/blog\/","title":{"rendered":"Blog"},"content":{"rendered":"<div data-elementor-type=\"wp-page\" data-elementor-id=\"1305\" class=\"elementor elementor-1305\" data-elementor-post-type=\"page\">\n\t\t\t\t<div class=\"elementor-element elementor-element-cc95a24 e-flex e-con-boxed e-con e-parent\" data-id=\"cc95a24\" data-element_type=\"container\" data-e-type=\"container\" data-settings=\"{&quot;background_background&quot;:&quot;classic&quot;}\">\n\t\t\t\t\t<div class=\"e-con-inner\">\n\t\t\t\t<div class=\"elementor-element elementor-element-f716d44 elementor-widget elementor-widget-text-editor\" data-id=\"f716d44\" data-element_type=\"widget\" data-e-type=\"widget\" data-widget_type=\"text-editor.default\">\n\t\t\t\t<div class=\"elementor-widget-container\">\n\t\t\t\t\t\t\t\t\t<p>Nuestro <span style=\"color: #4abcc5;\">BLOG<\/span><\/p>\t\t\t\t\t\t\t\t<\/div>\n\t\t\t\t<\/div>\n\t\t\t\t\t<\/div>\n\t\t\t\t<\/div>\n\t\t<div class=\"elementor-element elementor-element-a8a77b7 e-flex e-con-boxed e-con e-parent\" data-id=\"a8a77b7\" data-element_type=\"container\" data-e-type=\"container\" data-settings=\"{&quot;background_background&quot;:&quot;classic&quot;}\">\n\t\t\t\t\t<div class=\"e-con-inner\">\n\t\t<div class=\"elementor-element elementor-element-904c7e7 e-con-full e-flex e-con e-child\" data-id=\"904c7e7\" data-element_type=\"container\" data-e-type=\"container\">\n\t\t\t\t<div class=\"elementor-element elementor-element-2cd4e61 elementor-grid-3 elementor-grid-tablet-2 elementor-grid-mobile-1 elementor-posts--thumbnail-top elementor-widget elementor-widget-posts\" data-id=\"2cd4e61\" data-element_type=\"widget\" data-e-type=\"widget\" data-settings=\"{&quot;classic_columns&quot;:&quot;3&quot;,&quot;classic_columns_tablet&quot;:&quot;2&quot;,&quot;classic_columns_mobile&quot;:&quot;1&quot;,&quot;classic_row_gap&quot;:{&quot;unit&quot;:&quot;px&quot;,&quot;size&quot;:35,&quot;sizes&quot;:[]},&quot;classic_row_gap_tablet&quot;:{&quot;unit&quot;:&quot;px&quot;,&quot;size&quot;:&quot;&quot;,&quot;sizes&quot;:[]},&quot;classic_row_gap_mobile&quot;:{&quot;unit&quot;:&quot;px&quot;,&quot;size&quot;:&quot;&quot;,&quot;sizes&quot;:[]}}\" data-widget_type=\"posts.classic\">\n\t\t\t\t<div class=\"elementor-widget-container\">\n\t\t\t\t\t\t\t<div class=\"elementor-posts-container elementor-posts elementor-posts--skin-classic elementor-grid\" role=\"list\">\n\t\t\t\t<article class=\"elementor-post elementor-grid-item post-1322 post type-post status-publish format-standard has-post-thumbnail hentry category-blog\" role=\"listitem\">\n\t\t\t\t<a class=\"elementor-post__thumbnail__link\" href=\"https:\/\/villasrivero.com\/en\/como-convertir-tu-vivienda-en-una-propiedad-rentable-de-alquiler-vacacional\/\" tabindex=\"-1\" >\n\t\t\t<div class=\"elementor-post__thumbnail\"><img fetchpriority=\"high\" decoding=\"async\" width=\"300\" height=\"200\" src=\"https:\/\/villasrivero.com\/wp-content\/uploads\/2026\/03\/1262-300x200.jpg\" class=\"attachment-medium size-medium wp-image-1316\" alt=\"\" srcset=\"https:\/\/villasrivero.com\/wp-content\/uploads\/2026\/03\/1262-300x200.jpg 300w, https:\/\/villasrivero.com\/wp-content\/uploads\/2026\/03\/1262-768x512.jpg 768w, https:\/\/villasrivero.com\/wp-content\/uploads\/2026\/03\/1262-18x12.jpg 18w, https:\/\/villasrivero.com\/wp-content\/uploads\/2026\/03\/1262.jpg 1000w\" sizes=\"(max-width: 300px) 100vw, 300px\" \/><\/div>\n\t\t<\/a>\n\t\t\t\t<div class=\"elementor-post__text\">\n\t\t\t\t<h3 class=\"elementor-post__title\">\n\t\t\t<a href=\"https:\/\/villasrivero.com\/en\/como-convertir-tu-vivienda-en-una-propiedad-rentable-de-alquiler-vacacional\/\" >\n\t\t\t\tC\u00f3mo convertir tu vivienda en una propiedad rentable de alquiler vacacional\t\t\t<\/a>\n\t\t<\/h3>\n\t\t\t\t<div class=\"elementor-post__meta-data\">\n\t\t\t\t\t<span class=\"elementor-post-date\">\n\t\t\t04\/03\/2026\t\t<\/span>\n\t\t\t\t<\/div>\n\t\t\t\t<div class=\"elementor-post__excerpt\">\n\t\t\t<p>Muchos propietarios tienen una vivienda que utilizan solo unas semanas al a\u00f1o. El resto del tiempo permanece vac\u00eda. El alquiler vacacional permite convertir esa propiedad en una fuente de ingresos, pero hacerlo bien requiere algo m\u00e1s que publicar un anuncio. El error m\u00e1s com\u00fan Muchos propietarios creen que basta con<\/p>\n\t\t<\/div>\n\t\t\t\t<\/div>\n\t\t\t\t<\/article>\n\t\t\t\t<article class=\"elementor-post elementor-grid-item post-1320 post type-post status-publish format-standard has-post-thumbnail hentry category-blog\" role=\"listitem\">\n\t\t\t\t<a class=\"elementor-post__thumbnail__link\" href=\"https:\/\/villasrivero.com\/en\/alquiler-vacacional-o-hotel-que-opcion-tiene-mas-sentido-en-gran-canaria\/\" tabindex=\"-1\" >\n\t\t\t<div class=\"elementor-post__thumbnail\"><img decoding=\"async\" width=\"300\" height=\"200\" src=\"https:\/\/villasrivero.com\/wp-content\/uploads\/2026\/03\/9396-300x200.jpg\" class=\"attachment-medium size-medium wp-image-1317\" alt=\"\" srcset=\"https:\/\/villasrivero.com\/wp-content\/uploads\/2026\/03\/9396-300x200.jpg 300w, https:\/\/villasrivero.com\/wp-content\/uploads\/2026\/03\/9396-768x512.jpg 768w, https:\/\/villasrivero.com\/wp-content\/uploads\/2026\/03\/9396-18x12.jpg 18w, https:\/\/villasrivero.com\/wp-content\/uploads\/2026\/03\/9396.jpg 1000w\" sizes=\"(max-width: 300px) 100vw, 300px\" \/><\/div>\n\t\t<\/a>\n\t\t\t\t<div class=\"elementor-post__text\">\n\t\t\t\t<h3 class=\"elementor-post__title\">\n\t\t\t<a href=\"https:\/\/villasrivero.com\/en\/alquiler-vacacional-o-hotel-que-opcion-tiene-mas-sentido-en-gran-canaria\/\" >\n\t\t\t\t\u00bfAlquiler vacacional o hotel? Qu\u00e9 opci\u00f3n tiene m\u00e1s sentido en Gran Canaria\t\t\t<\/a>\n\t\t<\/h3>\n\t\t\t\t<div class=\"elementor-post__meta-data\">\n\t\t\t\t\t<span class=\"elementor-post-date\">\n\t\t\t04\/03\/2026\t\t<\/span>\n\t\t\t\t<\/div>\n\t\t\t\t<div class=\"elementor-post__excerpt\">\n\t\t\t<p>Durante a\u00f1os el hotel fue la opci\u00f3n m\u00e1s habitual para viajar. Sin embargo, el alquiler vacacional ha crecido mucho porque responde mejor a ciertos tipos de viaje. Veamos las diferencias. Espacio y privacidad Un hotel ofrece comodidad, pero normalmente el espacio es limitado. En una villa o apartamento vacacional puedes<\/p>\n\t\t<\/div>\n\t\t\t\t<\/div>\n\t\t\t\t<\/article>\n\t\t\t\t<article class=\"elementor-post elementor-grid-item post-1315 post type-post status-publish format-standard has-post-thumbnail hentry category-blog\" role=\"listitem\">\n\t\t\t\t<a class=\"elementor-post__thumbnail__link\" href=\"https:\/\/villasrivero.com\/en\/como-elegir-una-villa-vacacional-en-gran-canaria-sin-equivocarte\/\" tabindex=\"-1\" >\n\t\t\t<div class=\"elementor-post__thumbnail\"><img decoding=\"async\" width=\"300\" height=\"200\" src=\"https:\/\/villasrivero.com\/wp-content\/uploads\/2026\/03\/2149155630-300x200.jpg\" class=\"attachment-medium size-medium wp-image-1318\" alt=\"\" srcset=\"https:\/\/villasrivero.com\/wp-content\/uploads\/2026\/03\/2149155630-300x200.jpg 300w, https:\/\/villasrivero.com\/wp-content\/uploads\/2026\/03\/2149155630-768x512.jpg 768w, https:\/\/villasrivero.com\/wp-content\/uploads\/2026\/03\/2149155630-18x12.jpg 18w, https:\/\/villasrivero.com\/wp-content\/uploads\/2026\/03\/2149155630.jpg 1000w\" sizes=\"(max-width: 300px) 100vw, 300px\" \/><\/div>\n\t\t<\/a>\n\t\t\t\t<div class=\"elementor-post__text\">\n\t\t\t\t<h3 class=\"elementor-post__title\">\n\t\t\t<a href=\"https:\/\/villasrivero.com\/en\/como-elegir-una-villa-vacacional-en-gran-canaria-sin-equivocarte\/\" >\n\t\t\t\tC\u00f3mo elegir una villa vacacional en Gran Canaria sin equivocarte\t\t\t<\/a>\n\t\t<\/h3>\n\t\t\t\t<div class=\"elementor-post__meta-data\">\n\t\t\t\t\t<span class=\"elementor-post-date\">\n\t\t\t04\/03\/2026\t\t<\/span>\n\t\t\t\t<\/div>\n\t\t\t\t<div class=\"elementor-post__excerpt\">\n\t\t\t<p>Elegir alojamiento para unas vacaciones parece sencillo. Buscas en una plataforma, miras fotos y reservas. Pero cuando llegas al destino, muchas veces descubres que la realidad no coincide con lo que imaginabas. Si est\u00e1s pensando en alojarte en una villa o apartamento tur\u00edstico en Gran Canaria, hay varios factores que<\/p>\n\t\t<\/div>\n\t\t\t\t<\/div>\n\t\t\t\t<\/article>\n\t\t\t\t<\/div>\n\t\t\n\t\t\t\t\t\t<\/div>\n\t\t\t\t<\/div>\n\t\t\t\t<\/div>\n\t\t\t\t\t<\/div>\n\t\t\t\t<\/div>\n\t\t\t\t<\/div>","protected":false},"excerpt":{"rendered":"<p>Nuestro BLOG<\/p>","protected":false},"author":1,"featured_media":0,"parent":0,"menu_order":0,"comment_status":"closed","ping_status":"closed","template":"","meta":{"_acf_changed":false,"footnotes":""},"class_list":["post-1305","page","type-page","status-publish","hentry"],"acf":[],"yoast_head":"<!-- This site is optimized with the Yoast SEO plugin v27.3 - https:\/\/yoast.com\/product\/yoast-seo-wordpress\/ -->\n<title>Blog - Villas Rivero<\/title>\n<meta name=\"robots\" content=\"index, follow, max-snippet:-1, max-image-preview:large, max-video-preview:-1\" \/>\n<link rel=\"canonical\" href=\"https:\/\/villasrivero.com\/en\/blog\/\" \/>\n<meta property=\"og:locale\" content=\"en_GB\" \/>\n<meta property=\"og:type\" content=\"article\" \/>\n<meta property=\"og:title\" content=\"Blog - Villas Rivero\" \/>\n<meta property=\"og:description\" content=\"Nuestro BLOG\" \/>\n<meta property=\"og:url\" content=\"https:\/\/villasrivero.com\/en\/blog\/\" \/>\n<meta property=\"og:site_name\" content=\"Villas Rivero\" \/>\n<meta property=\"article:modified_time\" content=\"2026-03-04T09:50:17+00:00\" \/>\n<meta name=\"twitter:card\" content=\"summary_large_image\" \/>\n<meta name=\"twitter:label1\" content=\"Estimated reading time\" \/>\n\t<meta name=\"twitter:data1\" content=\"3 minutes\" \/>\n<script type=\"application\/ld+json\" class=\"yoast-schema-graph\">{\"@context\":\"https:\\\/\\\/schema.org\",\"@graph\":[{\"@type\":\"WebPage\",\"@id\":\"https:\\\/\\\/villasrivero.com\\\/blog\\\/\",\"url\":\"https:\\\/\\\/villasrivero.com\\\/blog\\\/\",\"name\":\"Blog - Villas Rivero\",\"isPartOf\":{\"@id\":\"https:\\\/\\\/villasrivero.com\\\/#website\"},\"datePublished\":\"2026-03-04T09:26:35+00:00\",\"dateModified\":\"2026-03-04T09:50:17+00:00\",\"breadcrumb\":{\"@id\":\"https:\\\/\\\/villasrivero.com\\\/blog\\\/#breadcrumb\"},\"inLanguage\":\"en-GB\",\"potentialAction\":[{\"@type\":\"ReadAction\",\"target\":[\"https:\\\/\\\/villasrivero.com\\\/blog\\\/\"]}]},{\"@type\":\"BreadcrumbList\",\"@id\":\"https:\\\/\\\/villasrivero.com\\\/blog\\\/#breadcrumb\",\"itemListElement\":[{\"@type\":\"ListItem\",\"position\":1,\"name\":\"Portada\",\"item\":\"https:\\\/\\\/villasrivero.com\\\/\"},{\"@type\":\"ListItem\",\"position\":2,\"name\":\"Blog\"}]},{\"@type\":\"WebSite\",\"@id\":\"https:\\\/\\\/villasrivero.com\\\/#website\",\"url\":\"https:\\\/\\\/villasrivero.com\\\/\",\"name\":\"Villas Rivero\",\"description\":\"\",\"potentialAction\":[{\"@type\":\"SearchAction\",\"target\":{\"@type\":\"EntryPoint\",\"urlTemplate\":\"https:\\\/\\\/villasrivero.com\\\/?s={search_term_string}\"},\"query-input\":{\"@type\":\"PropertyValueSpecification\",\"valueRequired\":true,\"valueName\":\"search_term_string\"}}],\"inLanguage\":\"en-GB\"}]}<\/script>\n<!-- \/ Yoast SEO plugin. -->","yoast_head_json":{"title":"Blog - Villas Rivero","robots":{"index":"index","follow":"follow","max-snippet":"max-snippet:-1","max-image-preview":"max-image-preview:large","max-video-preview":"max-video-preview:-1"},"canonical":"https:\/\/villasrivero.com\/en\/blog\/","og_locale":"en_GB","og_type":"article","og_title":"Blog - Villas Rivero","og_description":"Nuestro BLOG","og_url":"https:\/\/villasrivero.com\/en\/blog\/","og_site_name":"Villas Rivero","article_modified_time":"2026-03-04T09:50:17+00:00","twitter_card":"summary_large_image","twitter_misc":{"Estimated reading time":"3 minutes"},"schema":{"@context":"https:\/\/schema.org","@graph":[{"@type":"WebPage","@id":"https:\/\/villasrivero.com\/blog\/","url":"https:\/\/villasrivero.com\/blog\/","name":"Blog - Villas Rivero","isPartOf":{"@id":"https:\/\/villasrivero.com\/#website"},"datePublished":"2026-03-04T09:26:35+00:00","dateModified":"2026-03-04T09:50:17+00:00","breadcrumb":{"@id":"https:\/\/villasrivero.com\/blog\/#breadcrumb"},"inLanguage":"en-GB","potentialAction":[{"@type":"ReadAction","target":["https:\/\/villasrivero.com\/blog\/"]}]},{"@type":"BreadcrumbList","@id":"https:\/\/villasrivero.com\/blog\/#breadcrumb","itemListElement":[{"@type":"ListItem","position":1,"name":"Portada","item":"https:\/\/villasrivero.com\/"},{"@type":"ListItem","position":2,"name":"Blog"}]},{"@type":"WebSite","@id":"https:\/\/villasrivero.com\/#website","url":"https:\/\/villasrivero.com\/","name":"Villas Rivero","description":"","potentialAction":[{"@type":"SearchAction","target":{"@type":"EntryPoint","urlTemplate":"https:\/\/villasrivero.com\/?s={search_term_string}"},"query-input":{"@type":"PropertyValueSpecification","valueRequired":true,"valueName":"search_term_string"}}],"inLanguage":"en-GB"}]}},"_links":{"self":[{"href":"https:\/\/villasrivero.com\/en\/wp-json\/wp\/v2\/pages\/1305","targetHints":{"allow":["GET"]}}],"collection":[{"href":"https:\/\/villasrivero.com\/en\/wp-json\/wp\/v2\/pages"}],"about":[{"href":"https:\/\/villasrivero.com\/en\/wp-json\/wp\/v2\/types\/page"}],"author":[{"embeddable":true,"href":"https:\/\/villasrivero.com\/en\/wp-json\/wp\/v2\/users\/1"}],"replies":[{"embeddable":true,"href":"https:\/\/villasrivero.com\/en\/wp-json\/wp\/v2\/comments?post=1305"}],"version-history":[{"count":10,"href":"https:\/\/villasrivero.com\/en\/wp-json\/wp\/v2\/pages\/1305\/revisions"}],"predecessor-version":[{"id":1337,"href":"https:\/\/villasrivero.com\/en\/wp-json\/wp\/v2\/pages\/1305\/revisions\/1337"}],"wp:attachment":[{"href":"https:\/\/villasrivero.com\/en\/wp-json\/wp\/v2\/media?parent=1305"}],"curies":[{"name":"wp","href":"https:\/\/api.w.org\/{rel}","templated":true}]}}