{"id":342,"date":"2025-02-17T10:23:53","date_gmt":"2025-02-17T10:23:53","guid":{"rendered":"https:\/\/villasrivero.com\/?page_id=342"},"modified":"2025-07-08T09:05:37","modified_gmt":"2025-07-08T09:05:37","slug":"inicio","status":"publish","type":"page","link":"https:\/\/villasrivero.com\/en\/inicio\/","title":{"rendered":"Inicio"},"content":{"rendered":"<div data-elementor-type=\"wp-page\" data-elementor-id=\"342\" class=\"elementor elementor-342\" data-elementor-post-type=\"page\">\n\t\t\t\t<div class=\"elementor-element elementor-element-e94b19a e-flex e-con-boxed e-con e-parent\" data-id=\"e94b19a\" data-element_type=\"container\" data-e-type=\"container\" data-settings=\"{&quot;background_background&quot;:&quot;classic&quot;}\">\n\t\t\t\t\t<div class=\"e-con-inner\">\n\t\t\t\t<div class=\"elementor-element elementor-element-f8c59b2 elementor-widget elementor-widget-heading\" data-id=\"f8c59b2\" data-element_type=\"widget\" data-e-type=\"widget\" data-widget_type=\"heading.default\">\n\t\t\t\t<div class=\"elementor-widget-container\">\n\t\t\t\t\t<h2 class=\"elementor-heading-title elementor-size-default\">Convierte tu propiedad en una<\/h2>\t\t\t\t<\/div>\n\t\t\t\t<\/div>\n\t\t\t\t<div class=\"elementor-element elementor-element-5f2c34d elementor-widget elementor-widget-heading\" data-id=\"5f2c34d\" data-element_type=\"widget\" data-e-type=\"widget\" data-widget_type=\"heading.default\">\n\t\t\t\t<div class=\"elementor-widget-container\">\n\t\t\t\t\t<h2 class=\"elementor-heading-title elementor-size-default\"> m\u00e1quina de ingresos.<\/h2>\t\t\t\t<\/div>\n\t\t\t\t<\/div>\n\t\t\t\t<div class=\"elementor-element elementor-element-d52f65b elementor-widget elementor-widget-heading\" data-id=\"d52f65b\" data-element_type=\"widget\" data-e-type=\"widget\" data-widget_type=\"heading.default\">\n\t\t\t\t<div class=\"elementor-widget-container\">\n\t\t\t\t\t<h2 class=\"elementor-heading-title elementor-size-default\">Mientras t\u00fa disfrutas de tu tiempo, nosotros nos encargamos de todo.<\/h2>\t\t\t\t<\/div>\n\t\t\t\t<\/div>\n\t\t\t\t<div class=\"elementor-element elementor-element-fd46658 elementor-widget elementor-widget-heading\" data-id=\"fd46658\" data-element_type=\"widget\" data-e-type=\"widget\" data-widget_type=\"heading.default\">\n\t\t\t\t<div class=\"elementor-widget-container\">\n\t\t\t\t\t<h2 class=\"elementor-heading-title elementor-size-default\">Gesti\u00f3n completa, renta fija garantizada y tecnolog\u00eda exclusiva al servicio de tu rentabilidad.<\/h2>\t\t\t\t<\/div>\n\t\t\t\t<\/div>\n\t\t<div class=\"elementor-element elementor-element-5365039 e-con-full e-flex e-con e-child\" data-id=\"5365039\" data-element_type=\"container\" data-e-type=\"container\">\n\t\t\t\t<div class=\"elementor-element elementor-element-de38b60 elementor-widget elementor-widget-button\" data-id=\"de38b60\" data-element_type=\"widget\" data-e-type=\"widget\" data-widget_type=\"button.default\">\n\t\t\t\t<div class=\"elementor-widget-container\">\n\t\t\t\t\t\t\t\t\t<div class=\"elementor-button-wrapper\">\n\t\t\t\t\t<a class=\"elementor-button elementor-button-link elementor-size-sm\" href=\"https:\/\/villasrivero.com\/en\/propietarios\/\">\n\t\t\t\t\t\t<span class=\"elementor-button-content-wrapper\">\n\t\t\t\t\t\t\t\t\t<span class=\"elementor-button-text\">Descubre c\u00f3mo<\/span>\n\t\t\t\t\t<\/span>\n\t\t\t\t\t<\/a>\n\t\t\t\t<\/div>\n\t\t\t\t\t\t\t\t<\/div>\n\t\t\t\t<\/div>\n\t\t\t\t<\/div>\n\t\t\t\t\t<\/div>\n\t\t\t\t<\/div>\n\t\t<div class=\"elementor-element elementor-element-e2726c4 e-flex e-con-boxed e-con e-parent\" data-id=\"e2726c4\" data-element_type=\"container\" data-e-type=\"container\" data-settings=\"{&quot;background_background&quot;:&quot;classic&quot;}\">\n\t\t\t\t\t<div class=\"e-con-inner\">\n\t\t<div class=\"elementor-element elementor-element-4d61c93 e-con-full e-flex e-con e-child\" data-id=\"4d61c93\" data-element_type=\"container\" data-e-type=\"container\">\n\t\t\t\t<div class=\"elementor-element elementor-element-6091370 elementor-widget elementor-widget-heading\" data-id=\"6091370\" data-element_type=\"widget\" data-e-type=\"widget\" data-widget_type=\"heading.default\">\n\t\t\t\t<div class=\"elementor-widget-container\">\n\t\t\t\t\t<h2 class=\"elementor-heading-title elementor-size-default\">Maximiza tu Rentabilidad<\/h2>\t\t\t\t<\/div>\n\t\t\t\t<\/div>\n\t\t\t\t<div class=\"elementor-element elementor-element-b1584a0 elementor-widget-divider--view-line elementor-widget elementor-widget-divider\" data-id=\"b1584a0\" data-element_type=\"widget\" data-e-type=\"widget\" data-widget_type=\"divider.default\">\n\t\t\t\t<div class=\"elementor-widget-container\">\n\t\t\t\t\t\t\t<div class=\"elementor-divider\">\n\t\t\t<span class=\"elementor-divider-separator\">\n\t\t\t\t\t\t<\/span>\n\t\t<\/div>\n\t\t\t\t\t\t<\/div>\n\t\t\t\t<\/div>\n\t\t\t\t<div class=\"elementor-element elementor-element-78d6c44 elementor-widget elementor-widget-heading\" data-id=\"78d6c44\" data-element_type=\"widget\" data-e-type=\"widget\" data-widget_type=\"heading.default\">\n\t\t\t\t<div class=\"elementor-widget-container\">\n\t\t\t\t\t<h2 class=\"elementor-heading-title elementor-size-default\">Gana m\u00e1s, trabaja menos. As\u00ed de simple.<\/h2>\t\t\t\t<\/div>\n\t\t\t\t<\/div>\n\t\t\t\t<\/div>\n\t\t<div class=\"elementor-element elementor-element-90338c8 e-con-full e-flex e-con e-child\" data-id=\"90338c8\" data-element_type=\"container\" data-e-type=\"container\">\n\t\t<div class=\"elementor-element elementor-element-52234a4 e-con-full e-flex e-con e-child\" data-id=\"52234a4\" data-element_type=\"container\" data-e-type=\"container\">\n\t\t\t\t<div class=\"elementor-element elementor-element-797c1ee elementor-widget__width-initial elementor-widget elementor-widget-text-editor\" data-id=\"797c1ee\" data-element_type=\"widget\" data-e-type=\"widget\" data-widget_type=\"text-editor.default\">\n\t\t\t\t<div class=\"elementor-widget-container\">\n\t\t\t\t\t\t\t\t\t<p>En Villas Rivero ayudamos a propietarios e inversores como t\u00fa a:<\/p>\t\t\t\t\t\t\t\t<\/div>\n\t\t\t\t<\/div>\n\t\t\t\t<div class=\"elementor-element elementor-element-93666e3 elementor-widget__width-initial elementor-widget elementor-widget-text-editor\" data-id=\"93666e3\" data-element_type=\"widget\" data-e-type=\"widget\" data-widget_type=\"text-editor.default\">\n\t\t\t\t<div class=\"elementor-widget-container\">\n\t\t\t\t\t\t\t\t\t<ul><li><strong>Aumentar sus ingresos<\/strong> un 30% o m\u00e1s.\u2028<\/li><li><strong>Eliminar preocupaciones<\/strong> operativas y de gesti\u00f3n.\u2028<\/li><li><strong>Automatizar su propiedad y optimizar<\/strong> su rentabilidad mes a mes.\u2028<\/li><\/ul>\t\t\t\t\t\t\t\t<\/div>\n\t\t\t\t<\/div>\n\t\t\t\t<div class=\"elementor-element elementor-element-6efeecd elementor-widget__width-initial elementor-widget elementor-widget-text-editor\" data-id=\"6efeecd\" data-element_type=\"widget\" data-e-type=\"widget\" data-widget_type=\"text-editor.default\">\n\t\t\t\t<div class=\"elementor-widget-container\">\n\t\t\t\t\t\t\t\t\t<p>Deja en nuestras manos la gesti\u00f3n diaria y empieza a disfrutar de lo que realmente importa: tu tiempo y tus resultados.<\/p>\t\t\t\t\t\t\t\t<\/div>\n\t\t\t\t<\/div>\n\t\t\t\t<div class=\"elementor-element elementor-element-b4cb4f0 elementor-align-center elementor-widget elementor-widget-button\" data-id=\"b4cb4f0\" data-element_type=\"widget\" data-e-type=\"widget\" data-widget_type=\"button.default\">\n\t\t\t\t<div class=\"elementor-widget-container\">\n\t\t\t\t\t\t\t\t\t<div class=\"elementor-button-wrapper\">\n\t\t\t\t\t<a class=\"elementor-button elementor-button-link elementor-size-sm\" href=\"https:\/\/villasrivero.com\/en\/propietarios\/\">\n\t\t\t\t\t\t<span class=\"elementor-button-content-wrapper\">\n\t\t\t\t\t\t\t\t\t<span class=\"elementor-button-text\">Quiero saber como<\/span>\n\t\t\t\t\t<\/span>\n\t\t\t\t\t<\/a>\n\t\t\t\t<\/div>\n\t\t\t\t\t\t\t\t<\/div>\n\t\t\t\t<\/div>\n\t\t\t\t<\/div>\n\t\t<div class=\"elementor-element elementor-element-0da55ea e-con-full e-flex e-con e-child\" data-id=\"0da55ea\" data-element_type=\"container\" data-e-type=\"container\">\n\t\t\t\t<div class=\"elementor-element elementor-element-9cda196 elementor-widget elementor-widget-image\" data-id=\"9cda196\" data-element_type=\"widget\" data-e-type=\"widget\" data-widget_type=\"image.default\">\n\t\t\t\t<div class=\"elementor-widget-container\">\n\t\t\t\t\t\t\t\t\t\t\t\t\t\t\t<img fetchpriority=\"high\" decoding=\"async\" width=\"800\" height=\"600\" src=\"https:\/\/villasrivero.com\/wp-content\/uploads\/2025\/05\/c804a77fab20a79eca4823adbde7c6bf305d52fe-1024x768.jpg\" class=\"attachment-large size-large wp-image-476\" alt=\"\" srcset=\"https:\/\/villasrivero.com\/wp-content\/uploads\/2025\/05\/c804a77fab20a79eca4823adbde7c6bf305d52fe-1024x768.jpg 1024w, https:\/\/villasrivero.com\/wp-content\/uploads\/2025\/05\/c804a77fab20a79eca4823adbde7c6bf305d52fe-300x225.jpg 300w, https:\/\/villasrivero.com\/wp-content\/uploads\/2025\/05\/c804a77fab20a79eca4823adbde7c6bf305d52fe-768x576.jpg 768w, https:\/\/villasrivero.com\/wp-content\/uploads\/2025\/05\/c804a77fab20a79eca4823adbde7c6bf305d52fe-16x12.jpg 16w, https:\/\/villasrivero.com\/wp-content\/uploads\/2025\/05\/c804a77fab20a79eca4823adbde7c6bf305d52fe.jpg 1352w\" sizes=\"(max-width: 800px) 100vw, 800px\" \/>\t\t\t\t\t\t\t\t\t\t\t\t\t\t\t<\/div>\n\t\t\t\t<\/div>\n\t\t\t\t<\/div>\n\t\t\t\t<\/div>\n\t\t<div class=\"elementor-element elementor-element-9e59199 e-con-full e-flex e-con e-child\" data-id=\"9e59199\" data-element_type=\"container\" data-e-type=\"container\">\n\t\t\t\t<div class=\"elementor-element elementor-element-f3c537f elementor-widget elementor-widget-heading\" data-id=\"f3c537f\" data-element_type=\"widget\" data-e-type=\"widget\" data-widget_type=\"heading.default\">\n\t\t\t\t<div class=\"elementor-widget-container\">\n\t\t\t\t\t<h2 class=\"elementor-heading-title elementor-size-default\">\u00bfC\u00f3mo trabajamos?<\/h2>\t\t\t\t<\/div>\n\t\t\t\t<\/div>\n\t\t\t\t<div class=\"elementor-element elementor-element-9fda7cd elementor-widget-divider--view-line elementor-widget elementor-widget-divider\" data-id=\"9fda7cd\" data-element_type=\"widget\" data-e-type=\"widget\" data-widget_type=\"divider.default\">\n\t\t\t\t<div class=\"elementor-widget-container\">\n\t\t\t\t\t\t\t<div class=\"elementor-divider\">\n\t\t\t<span class=\"elementor-divider-separator\">\n\t\t\t\t\t\t<\/span>\n\t\t<\/div>\n\t\t\t\t\t\t<\/div>\n\t\t\t\t<\/div>\n\t\t\t\t<div class=\"elementor-element elementor-element-b23c034 elementor-widget elementor-widget-heading\" data-id=\"b23c034\" data-element_type=\"widget\" data-e-type=\"widget\" data-widget_type=\"heading.default\">\n\t\t\t\t<div class=\"elementor-widget-container\">\n\t\t\t\t\t<h2 class=\"elementor-heading-title elementor-size-default\">Un sistema probado, resultados garantizados.<\/h2>\t\t\t\t<\/div>\n\t\t\t\t<\/div>\n\t\t<div class=\"elementor-element elementor-element-2dcbef8 e-con-full e-flex e-con e-child\" data-id=\"2dcbef8\" data-element_type=\"container\" data-e-type=\"container\">\n\t\t<div class=\"elementor-element elementor-element-96a651d e-con-full e-flex e-con e-child\" data-id=\"96a651d\" data-element_type=\"container\" data-e-type=\"container\">\n\t\t\t\t<div class=\"elementor-element elementor-element-2901b41 elementor-widget elementor-widget-heading\" data-id=\"2901b41\" data-element_type=\"widget\" data-e-type=\"widget\" data-widget_type=\"heading.default\">\n\t\t\t\t<div class=\"elementor-widget-container\">\n\t\t\t\t\t<h2 class=\"elementor-heading-title elementor-size-default\">01<\/h2>\t\t\t\t<\/div>\n\t\t\t\t<\/div>\n\t\t\t\t<div class=\"elementor-element elementor-element-bba2006 elementor-widget elementor-widget-heading\" data-id=\"bba2006\" data-element_type=\"widget\" data-e-type=\"widget\" data-widget_type=\"heading.default\">\n\t\t\t\t<div class=\"elementor-widget-container\">\n\t\t\t\t\t<h2 class=\"elementor-heading-title elementor-size-default\">Diagn\u00f3stico gratuito:<\/h2>\t\t\t\t<\/div>\n\t\t\t\t<\/div>\n\t\t\t\t<div class=\"elementor-element elementor-element-d79ef50 elementor-widget elementor-widget-heading\" data-id=\"d79ef50\" data-element_type=\"widget\" data-e-type=\"widget\" data-widget_type=\"heading.default\">\n\t\t\t\t<div class=\"elementor-widget-container\">\n\t\t\t\t\t<h2 class=\"elementor-heading-title elementor-size-default\">analizamos el potencial oculto de tu propiedad.<\/h2>\t\t\t\t<\/div>\n\t\t\t\t<\/div>\n\t\t\t\t<\/div>\n\t\t<div class=\"elementor-element elementor-element-f690716 e-con-full e-flex e-con e-child\" data-id=\"f690716\" data-element_type=\"container\" data-e-type=\"container\">\n\t\t\t\t<div class=\"elementor-element elementor-element-6985f7c elementor-widget elementor-widget-heading\" data-id=\"6985f7c\" data-element_type=\"widget\" data-e-type=\"widget\" data-widget_type=\"heading.default\">\n\t\t\t\t<div class=\"elementor-widget-container\">\n\t\t\t\t\t<h2 class=\"elementor-heading-title elementor-size-default\">02<\/h2>\t\t\t\t<\/div>\n\t\t\t\t<\/div>\n\t\t\t\t<div class=\"elementor-element elementor-element-a6ac06e elementor-widget elementor-widget-heading\" data-id=\"a6ac06e\" data-element_type=\"widget\" data-e-type=\"widget\" data-widget_type=\"heading.default\">\n\t\t\t\t<div class=\"elementor-widget-container\">\n\t\t\t\t\t<h2 class=\"elementor-heading-title elementor-size-default\">Optimizaci\u00f3n estrat\u00e9gica:<\/h2>\t\t\t\t<\/div>\n\t\t\t\t<\/div>\n\t\t\t\t<div class=\"elementor-element elementor-element-270ea70 elementor-widget elementor-widget-heading\" data-id=\"270ea70\" data-element_type=\"widget\" data-e-type=\"widget\" data-widget_type=\"heading.default\">\n\t\t\t\t<div class=\"elementor-widget-container\">\n\t\t\t\t\t<h2 class=\"elementor-heading-title elementor-size-default\">estrategia de precios, posicionamiento y visibilidad m\u00e1xima.<\/h2>\t\t\t\t<\/div>\n\t\t\t\t<\/div>\n\t\t\t\t<\/div>\n\t\t<div class=\"elementor-element elementor-element-231a1c0 e-con-full e-flex e-con e-child\" data-id=\"231a1c0\" data-element_type=\"container\" data-e-type=\"container\">\n\t\t\t\t<div class=\"elementor-element elementor-element-bea1948 elementor-widget elementor-widget-heading\" data-id=\"bea1948\" data-element_type=\"widget\" data-e-type=\"widget\" data-widget_type=\"heading.default\">\n\t\t\t\t<div class=\"elementor-widget-container\">\n\t\t\t\t\t<h2 class=\"elementor-heading-title elementor-size-default\">03<\/h2>\t\t\t\t<\/div>\n\t\t\t\t<\/div>\n\t\t\t\t<div class=\"elementor-element elementor-element-8e17554 elementor-widget elementor-widget-heading\" data-id=\"8e17554\" data-element_type=\"widget\" data-e-type=\"widget\" data-widget_type=\"heading.default\">\n\t\t\t\t<div class=\"elementor-widget-container\">\n\t\t\t\t\t<h2 class=\"elementor-heading-title elementor-size-default\">Gesti\u00f3n VIP:<\/h2>\t\t\t\t<\/div>\n\t\t\t\t<\/div>\n\t\t\t\t<div class=\"elementor-element elementor-element-0fa1343 elementor-widget elementor-widget-heading\" data-id=\"0fa1343\" data-element_type=\"widget\" data-e-type=\"widget\" data-widget_type=\"heading.default\">\n\t\t\t\t<div class=\"elementor-widget-container\">\n\t\t\t\t\t<h2 class=\"elementor-heading-title elementor-size-default\">t\u00fa solo recibes los resultados en tu cuenta bancaria.<\/h2>\t\t\t\t<\/div>\n\t\t\t\t<\/div>\n\t\t\t\t<\/div>\n\t\t\t\t<\/div>\n\t\t\t\t<\/div>\n\t\t\t\t\t<\/div>\n\t\t\t\t<\/div>\n\t\t<div class=\"elementor-element elementor-element-f91f7b8 e-flex e-con-boxed e-con e-parent\" data-id=\"f91f7b8\" data-element_type=\"container\" data-e-type=\"container\" data-settings=\"{&quot;background_background&quot;:&quot;classic&quot;}\">\n\t\t\t\t\t<div class=\"e-con-inner\">\n\t\t\t\t<div class=\"elementor-element elementor-element-33bfec5 elementor-widget__width-initial elementor-widget elementor-widget-heading\" data-id=\"33bfec5\" data-element_type=\"widget\" data-e-type=\"widget\" data-widget_type=\"heading.default\">\n\t\t\t\t<div class=\"elementor-widget-container\">\n\t\t\t\t\t<h2 class=\"elementor-heading-title elementor-size-default\">Resultados visibles desde el primer mes. Sin complicaciones. Sin p\u00e9rdidas de tiempo.<\/h2>\t\t\t\t<\/div>\n\t\t\t\t<\/div>\n\t\t\t\t\t<\/div>\n\t\t\t\t<\/div>\n\t\t\t\t<\/div>","protected":false},"excerpt":{"rendered":"<p>Convierte tu propiedad en una m\u00e1quina de ingresos. Mientras t\u00fa disfrutas de tu tiempo, nosotros nos encargamos de todo. Gesti\u00f3n completa, renta fija garantizada y tecnolog\u00eda exclusiva al servicio de tu rentabilidad. Descubre c\u00f3mo Maximiza tu Rentabilidad Gana m\u00e1s, trabaja menos. As\u00ed de simple. En Villas Rivero ayudamos a propietarios e inversores como t\u00fa a: [&hellip;]<\/p>\n","protected":false},"author":1,"featured_media":0,"parent":0,"menu_order":0,"comment_status":"closed","ping_status":"closed","template":"","meta":{"_acf_changed":false,"footnotes":""},"class_list":["post-342","page","type-page","status-publish","hentry"],"acf":[],"yoast_head":"<!-- This site is optimized with the Yoast SEO plugin v27.3 - https:\/\/yoast.com\/product\/yoast-seo-wordpress\/ -->\n<title>Inicio - Villas Rivero<\/title>\n<meta name=\"robots\" content=\"index, follow, max-snippet:-1, max-image-preview:large, max-video-preview:-1\" \/>\n<link rel=\"canonical\" href=\"https:\/\/villasrivero.com\/en\/inicio\/\" \/>\n<meta property=\"og:locale\" content=\"en_GB\" \/>\n<meta property=\"og:type\" content=\"article\" \/>\n<meta property=\"og:title\" content=\"Inicio - Villas Rivero\" \/>\n<meta property=\"og:description\" content=\"Convierte tu propiedad en una m\u00e1quina de ingresos. Mientras t\u00fa disfrutas de tu tiempo, nosotros nos encargamos de todo. Gesti\u00f3n completa, renta fija garantizada y tecnolog\u00eda exclusiva al servicio de tu rentabilidad. Descubre c\u00f3mo Maximiza tu Rentabilidad Gana m\u00e1s, trabaja menos. As\u00ed de simple. En Villas Rivero ayudamos a propietarios e inversores como t\u00fa a: [&hellip;]\" \/>\n<meta property=\"og:url\" content=\"https:\/\/villasrivero.com\/en\/inicio\/\" \/>\n<meta property=\"og:site_name\" content=\"Villas Rivero\" \/>\n<meta property=\"article:modified_time\" content=\"2025-07-08T09:05:37+00:00\" \/>\n<meta property=\"og:image\" content=\"https:\/\/villasrivero.com\/wp-content\/uploads\/2025\/05\/c804a77fab20a79eca4823adbde7c6bf305d52fe.jpg\" \/>\n\t<meta property=\"og:image:width\" content=\"1352\" \/>\n\t<meta property=\"og:image:height\" content=\"1014\" \/>\n\t<meta property=\"og:image:type\" content=\"image\/jpeg\" \/>\n<meta name=\"twitter:card\" content=\"summary_large_image\" \/>\n<meta name=\"twitter:label1\" content=\"Estimated reading time\" \/>\n\t<meta name=\"twitter:data1\" content=\"1 minute\" \/>\n<script type=\"application\/ld+json\" class=\"yoast-schema-graph\">{\"@context\":\"https:\\\/\\\/schema.org\",\"@graph\":[{\"@type\":\"WebPage\",\"@id\":\"https:\\\/\\\/villasrivero.com\\\/inicio\\\/\",\"url\":\"https:\\\/\\\/villasrivero.com\\\/inicio\\\/\",\"name\":\"Inicio - Villas Rivero\",\"isPartOf\":{\"@id\":\"https:\\\/\\\/villasrivero.com\\\/#website\"},\"primaryImageOfPage\":{\"@id\":\"https:\\\/\\\/villasrivero.com\\\/inicio\\\/#primaryimage\"},\"image\":{\"@id\":\"https:\\\/\\\/villasrivero.com\\\/inicio\\\/#primaryimage\"},\"thumbnailUrl\":\"https:\\\/\\\/villasrivero.com\\\/wp-content\\\/uploads\\\/2025\\\/05\\\/c804a77fab20a79eca4823adbde7c6bf305d52fe-1024x768.jpg\",\"datePublished\":\"2025-02-17T10:23:53+00:00\",\"dateModified\":\"2025-07-08T09:05:37+00:00\",\"breadcrumb\":{\"@id\":\"https:\\\/\\\/villasrivero.com\\\/inicio\\\/#breadcrumb\"},\"inLanguage\":\"en-GB\",\"potentialAction\":[{\"@type\":\"ReadAction\",\"target\":[\"https:\\\/\\\/villasrivero.com\\\/inicio\\\/\"]}]},{\"@type\":\"ImageObject\",\"inLanguage\":\"en-GB\",\"@id\":\"https:\\\/\\\/villasrivero.com\\\/inicio\\\/#primaryimage\",\"url\":\"https:\\\/\\\/villasrivero.com\\\/wp-content\\\/uploads\\\/2025\\\/05\\\/c804a77fab20a79eca4823adbde7c6bf305d52fe-1024x768.jpg\",\"contentUrl\":\"https:\\\/\\\/villasrivero.com\\\/wp-content\\\/uploads\\\/2025\\\/05\\\/c804a77fab20a79eca4823adbde7c6bf305d52fe-1024x768.jpg\"},{\"@type\":\"BreadcrumbList\",\"@id\":\"https:\\\/\\\/villasrivero.com\\\/inicio\\\/#breadcrumb\",\"itemListElement\":[{\"@type\":\"ListItem\",\"position\":1,\"name\":\"Portada\",\"item\":\"https:\\\/\\\/villasrivero.com\\\/\"},{\"@type\":\"ListItem\",\"position\":2,\"name\":\"Inicio\"}]},{\"@type\":\"WebSite\",\"@id\":\"https:\\\/\\\/villasrivero.com\\\/#website\",\"url\":\"https:\\\/\\\/villasrivero.com\\\/\",\"name\":\"Villas Rivero\",\"description\":\"\",\"potentialAction\":[{\"@type\":\"SearchAction\",\"target\":{\"@type\":\"EntryPoint\",\"urlTemplate\":\"https:\\\/\\\/villasrivero.com\\\/?s={search_term_string}\"},\"query-input\":{\"@type\":\"PropertyValueSpecification\",\"valueRequired\":true,\"valueName\":\"search_term_string\"}}],\"inLanguage\":\"en-GB\"}]}<\/script>\n<!-- \/ Yoast SEO plugin. -->","yoast_head_json":{"title":"Inicio - Villas Rivero","robots":{"index":"index","follow":"follow","max-snippet":"max-snippet:-1","max-image-preview":"max-image-preview:large","max-video-preview":"max-video-preview:-1"},"canonical":"https:\/\/villasrivero.com\/en\/inicio\/","og_locale":"en_GB","og_type":"article","og_title":"Inicio - Villas Rivero","og_description":"Convierte tu propiedad en una m\u00e1quina de ingresos. Mientras t\u00fa disfrutas de tu tiempo, nosotros nos encargamos de todo. Gesti\u00f3n completa, renta fija garantizada y tecnolog\u00eda exclusiva al servicio de tu rentabilidad. Descubre c\u00f3mo Maximiza tu Rentabilidad Gana m\u00e1s, trabaja menos. As\u00ed de simple. En Villas Rivero ayudamos a propietarios e inversores como t\u00fa a: [&hellip;]","og_url":"https:\/\/villasrivero.com\/en\/inicio\/","og_site_name":"Villas Rivero","article_modified_time":"2025-07-08T09:05:37+00:00","og_image":[{"width":1352,"height":1014,"url":"https:\/\/villasrivero.com\/wp-content\/uploads\/2025\/05\/c804a77fab20a79eca4823adbde7c6bf305d52fe.jpg","type":"image\/jpeg"}],"twitter_card":"summary_large_image","twitter_misc":{"Estimated reading time":"1 minute"},"schema":{"@context":"https:\/\/schema.org","@graph":[{"@type":"WebPage","@id":"https:\/\/villasrivero.com\/inicio\/","url":"https:\/\/villasrivero.com\/inicio\/","name":"Inicio - Villas Rivero","isPartOf":{"@id":"https:\/\/villasrivero.com\/#website"},"primaryImageOfPage":{"@id":"https:\/\/villasrivero.com\/inicio\/#primaryimage"},"image":{"@id":"https:\/\/villasrivero.com\/inicio\/#primaryimage"},"thumbnailUrl":"https:\/\/villasrivero.com\/wp-content\/uploads\/2025\/05\/c804a77fab20a79eca4823adbde7c6bf305d52fe-1024x768.jpg","datePublished":"2025-02-17T10:23:53+00:00","dateModified":"2025-07-08T09:05:37+00:00","breadcrumb":{"@id":"https:\/\/villasrivero.com\/inicio\/#breadcrumb"},"inLanguage":"en-GB","potentialAction":[{"@type":"ReadAction","target":["https:\/\/villasrivero.com\/inicio\/"]}]},{"@type":"ImageObject","inLanguage":"en-GB","@id":"https:\/\/villasrivero.com\/inicio\/#primaryimage","url":"https:\/\/villasrivero.com\/wp-content\/uploads\/2025\/05\/c804a77fab20a79eca4823adbde7c6bf305d52fe-1024x768.jpg","contentUrl":"https:\/\/villasrivero.com\/wp-content\/uploads\/2025\/05\/c804a77fab20a79eca4823adbde7c6bf305d52fe-1024x768.jpg"},{"@type":"BreadcrumbList","@id":"https:\/\/villasrivero.com\/inicio\/#breadcrumb","itemListElement":[{"@type":"ListItem","position":1,"name":"Portada","item":"https:\/\/villasrivero.com\/"},{"@type":"ListItem","position":2,"name":"Inicio"}]},{"@type":"WebSite","@id":"https:\/\/villasrivero.com\/#website","url":"https:\/\/villasrivero.com\/","name":"Villas Rivero","description":"","potentialAction":[{"@type":"SearchAction","target":{"@type":"EntryPoint","urlTemplate":"https:\/\/villasrivero.com\/?s={search_term_string}"},"query-input":{"@type":"PropertyValueSpecification","valueRequired":true,"valueName":"search_term_string"}}],"inLanguage":"en-GB"}]}},"_links":{"self":[{"href":"https:\/\/villasrivero.com\/en\/wp-json\/wp\/v2\/pages\/342","targetHints":{"allow":["GET"]}}],"collection":[{"href":"https:\/\/villasrivero.com\/en\/wp-json\/wp\/v2\/pages"}],"about":[{"href":"https:\/\/villasrivero.com\/en\/wp-json\/wp\/v2\/types\/page"}],"author":[{"embeddable":true,"href":"https:\/\/villasrivero.com\/en\/wp-json\/wp\/v2\/users\/1"}],"replies":[{"embeddable":true,"href":"https:\/\/villasrivero.com\/en\/wp-json\/wp\/v2\/comments?post=342"}],"version-history":[{"count":52,"href":"https:\/\/villasrivero.com\/en\/wp-json\/wp\/v2\/pages\/342\/revisions"}],"predecessor-version":[{"id":1057,"href":"https:\/\/villasrivero.com\/en\/wp-json\/wp\/v2\/pages\/342\/revisions\/1057"}],"wp:attachment":[{"href":"https:\/\/villasrivero.com\/en\/wp-json\/wp\/v2\/media?parent=342"}],"curies":[{"name":"wp","href":"https:\/\/api.w.org\/{rel}","templated":true}]}}