{"id":9,"date":"2024-12-27T10:01:06","date_gmt":"2024-12-27T10:01:06","guid":{"rendered":"https:\/\/villasrivero.com\/?page_id=58"},"modified":"2025-07-16T08:26:13","modified_gmt":"2025-07-16T08:26:13","slug":"aviso-legal","status":"publish","type":"page","link":"https:\/\/villasrivero.com\/en\/aviso-legal\/","title":{"rendered":"Aviso legal"},"content":{"rendered":"<h4>AVISO LEGAL de https:\/\/villasrivero.com<\/h4>\n<p><strong>Introducci\u00f3n<\/strong><\/p>\n<p>En cumplimiento de la Ley 34\/2002, de 11 de julio, de Servicios de la Sociedad de la Informaci\u00f3n y de Comercio Electr\u00f3nico (LSSI-CE), REALIU REAL ESTATE, S.L.U informa que es titular del sitio web. De acuerdo con la exigencia del art\u00edculo 10 de la citada Ley, REALIU REAL ESTATE, S.L.U informa de los siguientes datos:<\/p>\n<table>\n<tbody>\n<tr>\n<td width=\"174\"><strong>RAZ\u00d3N SOCIAL<\/strong><\/td>\n<td width=\"407\">REALIU REAL ESTATE, S.L.U<\/td>\n<\/tr>\n<tr>\n<td width=\"174\"><strong>NIF<\/strong><\/td>\n<td width=\"407\">B16395576<\/td>\n<\/tr>\n<tr>\n<td width=\"174\"><strong>DOMINIO<\/strong><\/td>\n<td width=\"407\">https:\/\/villasrivero.com<\/td>\n<\/tr>\n<tr>\n<td width=\"174\"><strong>DIRECCI\u00d3N POSTAL<\/strong><\/td>\n<td width=\"407\">CALLE ALFRED NOBEL, 15,35013 PALMAS DE GRAN CANARIA, LAS(PALMAS, LAS)<\/td>\n<\/tr>\n<tr>\n<td width=\"174\"><strong>DIRECCI\u00d3N ELECTR\u00d3NICA<\/strong><\/td>\n<td width=\"407\"><a href=\"mailto:hector.socorro@villasrivero.com\">hector.socorro@villasrivero.com<\/a><\/td>\n<\/tr>\n<tr>\n<td width=\"174\"><strong>TEL\u00c9FONOS<\/strong><\/td>\n<td width=\"407\">699365956<\/td>\n<\/tr>\n<tr>\n<td width=\"174\"><strong>N.\u00ba REGISTRO\/DATOS ADICIONALES<\/strong><\/td>\n<td width=\"407\">&nbsp;<\/td>\n<\/tr>\n<\/tbody>\n<\/table>\n<p>&nbsp;<\/p>\n<h4>Usuario y r\u00e9gimen de responsabilidades<\/h4>\n<p>La navegaci\u00f3n, acceso y uso por el sitio web de REALIU REAL ESTATE, S.L.U confiere la condici\u00f3n de usuario.<\/p>\n<p>El sitio web de REALIU REAL ESTATE, S.L.U proporciona gran diversidad de informaci\u00f3n, servicios y datos. El usuario asume su responsabilidad en el uso correcto del sitio web. Esta responsabilidad se extender\u00e1 a:<\/p>\n<p>La veracidad y licitud de las informaciones aportadas por el usuario en los formularios extendidos por REALIU REAL ESTATE, S.L.U para el acceso a ciertos contenidos o servicios ofrecidos por el web.<\/p>\n<p>El uso de la informaci\u00f3n, servicios y datos ofrecidos por REALIU REAL ESTATE, S.L.U contrariamente a lo dispuesto por las presentes condiciones, la Ley, la moral, las buenas costumbres o el orden p\u00fablico, o que de cualquier otro modo puedan suponer lesi\u00f3n de los derechos de terceros o del mismo funcionamiento del sitio web.<\/p>\n<h4>Pol\u00edtica de enlaces y exenciones de responsabilidad<\/h4>\n<p>REALIU REAL ESTATE, S.L.U no se hace responsable del contenido de los sitios web a los que el usuario pueda acceder a trav\u00e9s de los enlaces establecidos en su sitio web, siempre que no tenga conocimiento efectivo de que la actividad o la informaci\u00f3n a la que remite o recomienda es il\u00edcita o de que lesiona bienes o derechos de un tercero susceptibles de indemnizaci\u00f3n, o, en caso de tenerlo, act\u00fae con diligencia para suprimir o inutilizar el enlace correspondiente.<\/p>\n<p>Se entender\u00e1 que REALIU REAL ESTATE, S.L.U tiene el conocimiento efectivo a que se refiere el p\u00e1rrafo anterior cuando un \u00f3rgano competente haya declarado la ilicitud de los datos, ordenado su retirada o que se imposibilite el acceso a los mismos, o se hubiera declarado la existencia de la lesi\u00f3n, y REALIU REAL ESTATE, S.L.U conociera la correspondiente resoluci\u00f3n, sin perjuicio de los procedimientos de detecci\u00f3n<\/p>\n<p>y retirada de contenidos que REALIU REAL ESTATE, S.L.U aplique en virtud de acuerdos voluntarios y de otros medios de conocimiento efectivo que pudieran establecerse.<\/p>\n<p>REALIU REAL ESTATE, S.L.U declara haber adoptado todas las medidas necesarias para evitar cualquier da\u00f1o a los usuarios de su sitio web, que pudieran derivarse de la navegaci\u00f3n por su sitio web. En consecuencia, REALIU REAL ESTATE, S.L.U no se hace responsable, en ning\u00fan caso, de los eventuales da\u00f1os que por la navegaci\u00f3n por Internet pudiera sufrir el usuario. Asimismo, tampoco garantizar\u00e1 la disponibilidad t\u00e9cnica, exactitud, veracidad, validez o legalidad de sitios ajenos a su propiedad a los que se pueda acceder por medio de los enlaces.<\/p>\n<h4>Modificaciones<\/h4>\n<p>REALIU REAL ESTATE, S.L.U se reserva la facultad de efectuar, en cualquier momento y sin necesidad de previo aviso, modificaciones y actualizaciones de la informaci\u00f3n contenida en su sitio web o en la configuraci\u00f3n y presentaci\u00f3n de esta. Con objeto de mantener actualizada la informaci\u00f3n publicada, los contenidos del mismo podr\u00e1n ser modificados, corregidos, eliminados o a\u00f1adidos en cualquier momento, por cualquier forma admisible en derecho.<\/p>\n<h4>Indicaci\u00f3n de precios<\/h4>\n<p>En caso de que se muestren precios de productos y\/o servicios, los indicados en pantalla ser\u00e1n los vigentes en cada momento. Los precios ser\u00e1n indicados en euros y tendr\u00e1n incorporado el Impuesto sobre el Valor A\u00f1adido (IVA). En caso de que no se incorpore el IVA en el precio, se indicar\u00e1 de manera expresa y se permitir\u00e1 al usuario visualizar el precio final completo.<\/p>\n<p>Asimismo, si fuera aplicable cualquier otro impuesto, as\u00ed se indicar\u00eda, incluyendo, en su caso, el importe de los incrementos o descuentos que sean de aplicaci\u00f3n a la oferta y los gastos adicionales que puedan repercutir al consumidor o usuario.<\/p>\n<h4>Propiedad intelectual e industrial<\/h4>\n<p>REALIU REAL ESTATE, S.L.U por s\u00ed misma o como cesionaria, es titular de todos los derechos de propiedad intelectual e industrial de su p\u00e1gina web, as\u00ed como de los elementos contenidos en la misma (a t\u00edtulo enunciativo, im\u00e1genes, sonido, audio, v\u00eddeo, software o textos; marcas o logotipos, combinaciones de colores, estructura y dise\u00f1o, selecci\u00f3n de materiales usados, programas de ordenador necesarios para su funcionamiento, acceso y uso, etc.), titularidad de REALIU REAL ESTATE, S.L.U. Ser\u00e1n, por consiguiente, obras protegidas como propiedad intelectual por el ordenamiento jur\u00eddico espa\u00f1ol, si\u00e9ndoles aplicables tanto la normativa espa\u00f1ola y comunitaria en este campo, como los tratados internacionales relativos a la materia y suscritos por Espa\u00f1a.<\/p>\n<p>Todos los derechos reservados. En virtud de lo dispuesto en la Ley de Propiedad Intelectual, quedan expresamente prohibidas la reproducci\u00f3n, la distribuci\u00f3n y la comunicaci\u00f3n p\u00fablica, incluida su modalidad de puesta a disposici\u00f3n, de la totalidad o parte de los contenidos de esta p\u00e1gina web, con fines comerciales, en cualquier soporte y por cualquier medio t\u00e9cnico, sin la autorizaci\u00f3n de REALIU REAL ESTATE, S.L.U.<\/p>\n<p>El usuario se compromete a respetar los derechos de Propiedad Intelectual e Industrial titularidad de REALIU REAL ESTATE, S.L.U. Podr\u00e1 visualizar los elementos del portal e incluso imprimirlos, copiarlos y almacenarlos en el disco duro de su ordenador o en cualquier otro soporte f\u00edsico siempre y cuando sea, \u00fanica y exclusivamente, para su uso personal y privado. El usuario deber\u00e1 abstenerse de suprimir, alterar, eludir o manipular cualquier dispositivo de protecci\u00f3n o sistema de seguridad que estuviera instalado en las p\u00e1ginas de REALIU REAL ESTATE, S.L.U.<\/p>\n<h4>Certificado SSL (secure sockets layer)<\/h4>\n<p>El CERTIFICADO SSL proporciona autenticaci\u00f3n, privacidad y seguridad de la informaci\u00f3n entre REALIU REAL ESTATE, S.L.U y el usuario.<\/p>\n<p>REALIU REAL ESTATE, S.L.U dispone de un certificado de seguridad que se utiliza por CERTIFICADO SSL para realizar conexiones seguras.<\/p>\n<p>En este proceso se establecen varios par\u00e1metros para realizar la conexi\u00f3n de forma segura y se establece usando llaves preestablecidas, codificando y descodificando todos los datos enviados hasta que la conexi\u00f3n sea cerrada.<\/p>\n<h4>Acciones legales, legislaci\u00f3n aplicable y jurisdicci\u00f3n<\/h4>\n<p>Si el usuario desea presentar una reclamaci\u00f3n, deber\u00e1 contactar mediante el correo electr\u00f3nico <a href=\"mailto:hector.socorro@villasrivero.com\">hector.socorro@villasrivero.com.<\/a> Asimismo, REALIU REAL ESTATE, S.L.U dispone de hojas oficiales de reclamaci\u00f3n a disposici\u00f3n de los consumidores y usuarios.<\/p>\n<p>REALIU REAL ESTATE, S.L.U se reserva la facultad de presentar las acciones civiles o penales que considere oportunas por la utilizaci\u00f3n indebida de su sitio web y contenidos, o por el incumplimiento de las presentes condiciones.<\/p>\n<p>La relaci\u00f3n entre el usuario y el prestador se regir\u00e1 por la normativa vigente y de aplicaci\u00f3n en el territorio espa\u00f1ol. De surgir cualquier controversia las partes podr\u00e1n someter sus conflictos a arbitraje o acudir a la jurisdicci\u00f3n ordinaria cumpliendo con las normas sobre jurisdicci\u00f3n y competencia al respecto.<\/p>\n<p>Los contratos celebrados por v\u00eda electr\u00f3nica en los que intervenga como parte un consumidor, se presumir\u00e1n celebrados en el lugar en que \u00e9ste tenga su residencia habitual.<\/p>\n<p>Los contratos electr\u00f3nicos entre empresarios o profesionales, en defecto de pacto entre las partes, se presumir\u00e1n celebrados en el lugar en que est\u00e9 establecido el prestador de servicios.<\/p>\n<p>De acuerdo con el Reglamento (UE) 524\/2013: La Comisi\u00f3n Europea, le informamos que usted tiene derecho a solicitar una resoluci\u00f3n extrajudicial de controversias en materia de consumo mediante una plataforma de resoluci\u00f3n de litigios en l\u00ednea, la cual se encuentra disponible en el siguiente enlace: <a href=\"https:\/\/ec.europa.eu\/consumers\/odr\/\">https:\/\/ec.europa.eu\/consumers\/odr\/<\/a><\/p>\n<h4>C\u00f3digo de conducta para usuarios en los comentarios<\/h4>\n<p>El Usuario deber\u00e1 cumplir con todas las leyes que sean de aplicaci\u00f3n y utilizar los espacios disponibles en el sitio web para dejar comentarios de modo correcto y respetar el c\u00f3digo de conducta que se establece en este apartado, as\u00ed como tener en cuenta el r\u00e9gimen de responsabilidades que se puedan derivar de la utilizaci\u00f3n de estos espacio de forma incorrecta o il\u00edcita.<\/p>\n<p>REALIU REAL ESTATE, S.L.U informa de las conductas que no considera apropiadas y de la potestad que dispone para actuar en consecuencia sobre los siguientes usos, actuaciones, omisiones o declaraciones que el miembro realice, en virtud de la relaci\u00f3n que le une como usuario:<\/p>\n<p>Actuar de manera deshonesta o poco profesional. \u00a0Publicar contenidos inapropiados o inexactos.<\/p>\n<p>Acosar, abusar, amenazar o da\u00f1ar a otra persona o usuario<\/p>\n<p>Utilizar o publicar a trav\u00e9s de im\u00e1genes, videos o cualquier comentario en el perfil que pueda herir la sensibilidad de los Usuario, as\u00ed como que pueda discriminar por cualquier condici\u00f3n, raza, grupo \u00e9tnico, nacionalidad, religi\u00f3n, sexo, orientaci\u00f3n sexual, discapacidad o enfermedad, o que sean ilegales, injuriosos, abusivos, obscenos, discriminatorios o por otras causas consideradas reprochables<\/p>\n<p>Usar la cuenta de otra persona o crear una identidad falsa<\/p>\n<p>Incluir contenido que contengan virus inform\u00e1ticos u otros que puedan eliminar, interrumpir u obstaculizar la correcta navegaci\u00f3n.<\/p>\n<p>Vender, patrocinar u obtener beneficio econ\u00f3mico a trav\u00e9s del sitio web sin la autorizaci\u00f3n de REALIU REAL ESTATE, S.L.U o si se ha establecido otro m\u00e9todo proporcionado por REALIU REAL ESTATE, S.L.U para la gesti\u00f3n de un servicio exclusivo.<\/p>\n<p>Compartir informaci\u00f3n de personas que no son Usuario sin su consentimiento expreso.<\/p>\n<p>Crear perfiles falsos en la aplicaci\u00f3n, en el caso de que se detecte que existen perfiles falsos ser\u00e1n eliminado de forma inmediata.<\/p>\n<p>Promover el racismo, la xenofobia o el fanatismo de cualquier clase contra cualquier grupo o individuo.<\/p>\n<p>Imitar o suplantar a cualquier persona o entidad. \u00a0Solicitar dinero de otros usuarios.<\/p>\n<p>Enviar v\u00eddeos, audios o fotograf\u00edas con im\u00e1genes de otra persona sin su autorizaci\u00f3n (o en el caso de un menor, sin la autorizaci\u00f3n de sus padres o tutores legales).<\/p>\n<p><strong>\u00daltima actualizaci\u00f3n: <\/strong>19 de julio de 2024<\/p>","protected":false},"excerpt":{"rendered":"<p>AVISO LEGAL de https:\/\/villasrivero.com Introducci\u00f3n En cumplimiento de la Ley 34\/2002, de 11 de julio, de Servicios de la Sociedad de la Informaci\u00f3n y de Comercio Electr\u00f3nico (LSSI-CE), REALIU REAL ESTATE, S.L.U informa que es titular del sitio web. De acuerdo con la exigencia del art\u00edculo 10 de la citada Ley, REALIU REAL ESTATE, S.L.U [&hellip;]<\/p>\n","protected":false},"author":1,"featured_media":0,"parent":0,"menu_order":0,"comment_status":"closed","ping_status":"closed","template":"","meta":{"_acf_changed":false,"footnotes":""},"class_list":["post-9","page","type-page","status-publish","hentry"],"acf":[],"yoast_head":"<!-- This site is optimized with the Yoast SEO plugin v27.3 - https:\/\/yoast.com\/product\/yoast-seo-wordpress\/ -->\n<title>Aviso legal - Villas Rivero<\/title>\n<meta name=\"robots\" content=\"index, follow, max-snippet:-1, max-image-preview:large, max-video-preview:-1\" \/>\n<link rel=\"canonical\" href=\"https:\/\/villasrivero.com\/en\/aviso-legal\/\" \/>\n<meta property=\"og:locale\" content=\"en_GB\" \/>\n<meta property=\"og:type\" content=\"article\" \/>\n<meta property=\"og:title\" content=\"Aviso legal - Villas Rivero\" \/>\n<meta property=\"og:description\" content=\"AVISO LEGAL de https:\/\/villasrivero.com Introducci\u00f3n En cumplimiento de la Ley 34\/2002, de 11 de julio, de Servicios de la Sociedad de la Informaci\u00f3n y de Comercio Electr\u00f3nico (LSSI-CE), REALIU REAL ESTATE, S.L.U informa que es titular del sitio web. De acuerdo con la exigencia del art\u00edculo 10 de la citada Ley, REALIU REAL ESTATE, S.L.U [&hellip;]\" \/>\n<meta property=\"og:url\" content=\"https:\/\/villasrivero.com\/en\/aviso-legal\/\" \/>\n<meta property=\"og:site_name\" content=\"Villas Rivero\" \/>\n<meta property=\"article:modified_time\" content=\"2025-07-16T08:26:13+00:00\" \/>\n<meta name=\"twitter:card\" content=\"summary_large_image\" \/>\n<meta name=\"twitter:label1\" content=\"Estimated reading time\" \/>\n\t<meta name=\"twitter:data1\" content=\"8 minutes\" \/>\n<script type=\"application\/ld+json\" class=\"yoast-schema-graph\">{\"@context\":\"https:\\\/\\\/schema.org\",\"@graph\":[{\"@type\":\"WebPage\",\"@id\":\"https:\\\/\\\/villasrivero.com\\\/aviso-legal\\\/\",\"url\":\"https:\\\/\\\/villasrivero.com\\\/aviso-legal\\\/\",\"name\":\"Aviso legal - Villas Rivero\",\"isPartOf\":{\"@id\":\"https:\\\/\\\/villasrivero.com\\\/#website\"},\"datePublished\":\"2024-12-27T10:01:06+00:00\",\"dateModified\":\"2025-07-16T08:26:13+00:00\",\"breadcrumb\":{\"@id\":\"https:\\\/\\\/villasrivero.com\\\/aviso-legal\\\/#breadcrumb\"},\"inLanguage\":\"en-GB\",\"potentialAction\":[{\"@type\":\"ReadAction\",\"target\":[\"https:\\\/\\\/villasrivero.com\\\/aviso-legal\\\/\"]}]},{\"@type\":\"BreadcrumbList\",\"@id\":\"https:\\\/\\\/villasrivero.com\\\/aviso-legal\\\/#breadcrumb\",\"itemListElement\":[{\"@type\":\"ListItem\",\"position\":1,\"name\":\"Portada\",\"item\":\"https:\\\/\\\/villasrivero.com\\\/\"},{\"@type\":\"ListItem\",\"position\":2,\"name\":\"Aviso legal\"}]},{\"@type\":\"WebSite\",\"@id\":\"https:\\\/\\\/villasrivero.com\\\/#website\",\"url\":\"https:\\\/\\\/villasrivero.com\\\/\",\"name\":\"Villas Rivero\",\"description\":\"\",\"potentialAction\":[{\"@type\":\"SearchAction\",\"target\":{\"@type\":\"EntryPoint\",\"urlTemplate\":\"https:\\\/\\\/villasrivero.com\\\/?s={search_term_string}\"},\"query-input\":{\"@type\":\"PropertyValueSpecification\",\"valueRequired\":true,\"valueName\":\"search_term_string\"}}],\"inLanguage\":\"en-GB\"}]}<\/script>\n<!-- \/ Yoast SEO plugin. -->","yoast_head_json":{"title":"Aviso legal - Villas Rivero","robots":{"index":"index","follow":"follow","max-snippet":"max-snippet:-1","max-image-preview":"max-image-preview:large","max-video-preview":"max-video-preview:-1"},"canonical":"https:\/\/villasrivero.com\/en\/aviso-legal\/","og_locale":"en_GB","og_type":"article","og_title":"Aviso legal - Villas Rivero","og_description":"AVISO LEGAL de https:\/\/villasrivero.com Introducci\u00f3n En cumplimiento de la Ley 34\/2002, de 11 de julio, de Servicios de la Sociedad de la Informaci\u00f3n y de Comercio Electr\u00f3nico (LSSI-CE), REALIU REAL ESTATE, S.L.U informa que es titular del sitio web. De acuerdo con la exigencia del art\u00edculo 10 de la citada Ley, REALIU REAL ESTATE, S.L.U [&hellip;]","og_url":"https:\/\/villasrivero.com\/en\/aviso-legal\/","og_site_name":"Villas Rivero","article_modified_time":"2025-07-16T08:26:13+00:00","twitter_card":"summary_large_image","twitter_misc":{"Estimated reading time":"8 minutes"},"schema":{"@context":"https:\/\/schema.org","@graph":[{"@type":"WebPage","@id":"https:\/\/villasrivero.com\/aviso-legal\/","url":"https:\/\/villasrivero.com\/aviso-legal\/","name":"Aviso legal - Villas Rivero","isPartOf":{"@id":"https:\/\/villasrivero.com\/#website"},"datePublished":"2024-12-27T10:01:06+00:00","dateModified":"2025-07-16T08:26:13+00:00","breadcrumb":{"@id":"https:\/\/villasrivero.com\/aviso-legal\/#breadcrumb"},"inLanguage":"en-GB","potentialAction":[{"@type":"ReadAction","target":["https:\/\/villasrivero.com\/aviso-legal\/"]}]},{"@type":"BreadcrumbList","@id":"https:\/\/villasrivero.com\/aviso-legal\/#breadcrumb","itemListElement":[{"@type":"ListItem","position":1,"name":"Portada","item":"https:\/\/villasrivero.com\/"},{"@type":"ListItem","position":2,"name":"Aviso legal"}]},{"@type":"WebSite","@id":"https:\/\/villasrivero.com\/#website","url":"https:\/\/villasrivero.com\/","name":"Villas Rivero","description":"","potentialAction":[{"@type":"SearchAction","target":{"@type":"EntryPoint","urlTemplate":"https:\/\/villasrivero.com\/?s={search_term_string}"},"query-input":{"@type":"PropertyValueSpecification","valueRequired":true,"valueName":"search_term_string"}}],"inLanguage":"en-GB"}]}},"_links":{"self":[{"href":"https:\/\/villasrivero.com\/en\/wp-json\/wp\/v2\/pages\/9","targetHints":{"allow":["GET"]}}],"collection":[{"href":"https:\/\/villasrivero.com\/en\/wp-json\/wp\/v2\/pages"}],"about":[{"href":"https:\/\/villasrivero.com\/en\/wp-json\/wp\/v2\/types\/page"}],"author":[{"embeddable":true,"href":"https:\/\/villasrivero.com\/en\/wp-json\/wp\/v2\/users\/1"}],"replies":[{"embeddable":true,"href":"https:\/\/villasrivero.com\/en\/wp-json\/wp\/v2\/comments?post=9"}],"version-history":[{"count":6,"href":"https:\/\/villasrivero.com\/en\/wp-json\/wp\/v2\/pages\/9\/revisions"}],"predecessor-version":[{"id":1139,"href":"https:\/\/villasrivero.com\/en\/wp-json\/wp\/v2\/pages\/9\/revisions\/1139"}],"wp:attachment":[{"href":"https:\/\/villasrivero.com\/en\/wp-json\/wp\/v2\/media?parent=9"}],"curies":[{"name":"wp","href":"https:\/\/api.w.org\/{rel}","templated":true}]}}